{"id":8,"date":"2013-04-15T19:37:14","date_gmt":"2013-04-15T19:37:14","guid":{"rendered":"http:\/\/tjsokolchornice.cz\/?page_id=8"},"modified":"2023-01-29T14:43:54","modified_gmt":"2023-01-29T14:43:54","slug":"fotbal","status":"publish","type":"page","link":"https:\/\/tjsokolchornice.cz\/?page_id=8","title":{"rendered":"Mal\u00e1 kopan\u00e1"},"content":{"rendered":"<p>Fotbalist\u00e9 z TJ Sokol Chornice, z.s. hraj\u00ed v sout\u011b\u017ei, kterou za\u0161ti\u0165uje Svazu mal\u00e9ho fotbalu Blanenska, z.s..<\/p>\n<p>Bli\u017e\u0161\u00ed informace a rozpisy z\u00e1pas\u016f na sezonu najdete na str\u00e1nk\u00e1ch svazu.<\/p>\n<p><a href=\"https:\/\/www.smfbl.cz\/\"><img decoding=\"async\" loading=\"lazy\" class=\"aligncenter\" src=\"https:\/\/www.smfbl.cz\/wp-content\/uploads\/2017\/03\/novy_logo_ideal.png\" alt=\"SMFBL\" width=\"97\" height=\"97\"><\/a><\/p>\n<p>&nbsp;<\/p>\n<p>&nbsp;<\/p>\n\n\n<p><\/p>\n","protected":false},"excerpt":{"rendered":"<p>Fotbalist\u00e9 z TJ Sokol Chornice, z.s. hraj\u00ed v sout\u011b\u017ei, kterou za\u0161ti\u0165uje Svazu mal\u00e9ho fotbalu Blanenska, z.s.. Bli\u017e\u0161\u00ed informace a rozpisy z\u00e1pas\u016f na sezonu najdete na str\u00e1nk\u00e1ch svazu. &nbsp; &nbsp;<\/p>\n","protected":false},"author":1,"featured_media":0,"parent":0,"menu_order":0,"comment_status":"closed","ping_status":"closed","template":"","meta":{"ngg_post_thumbnail":0},"_links":{"self":[{"href":"https:\/\/tjsokolchornice.cz\/index.php?rest_route=\/wp\/v2\/pages\/8"}],"collection":[{"href":"https:\/\/tjsokolchornice.cz\/index.php?rest_route=\/wp\/v2\/pages"}],"about":[{"href":"https:\/\/tjsokolchornice.cz\/index.php?rest_route=\/wp\/v2\/types\/page"}],"author":[{"embeddable":true,"href":"https:\/\/tjsokolchornice.cz\/index.php?rest_route=\/wp\/v2\/users\/1"}],"replies":[{"embeddable":true,"href":"https:\/\/tjsokolchornice.cz\/index.php?rest_route=%2Fwp%2Fv2%2Fcomments&post=8"}],"version-history":[{"count":20,"href":"https:\/\/tjsokolchornice.cz\/index.php?rest_route=\/wp\/v2\/pages\/8\/revisions"}],"predecessor-version":[{"id":2968,"href":"https:\/\/tjsokolchornice.cz\/index.php?rest_route=\/wp\/v2\/pages\/8\/revisions\/2968"}],"wp:attachment":[{"href":"https:\/\/tjsokolchornice.cz\/index.php?rest_route=%2Fwp%2Fv2%2Fmedia&parent=8"}],"curies":[{"name":"wp","href":"https:\/\/api.w.org\/{rel}","templated":true}]}}