{"id":343,"date":"2014-04-14T19:13:22","date_gmt":"2014-04-14T19:13:22","guid":{"rendered":"http:\/\/tjsokolchornice.cz\/?page_id=343"},"modified":"2018-01-21T14:36:45","modified_gmt":"2018-01-21T14:36:45","slug":"chornicky-vandr-2014","status":"publish","type":"page","link":"https:\/\/tjsokolchornice.cz\/?page_id=343","title":{"rendered":"Chornick\u00fd vandr 2014"},"content":{"rendered":"<h2>Chornick\u00fd vandr 2014<\/h2>\n<p><strong><a href=\"http:\/\/tjsokolchornice.cz\/akce\/vandr2014.pdf\">Pl\u00e1kat akce<\/a><\/strong><\/p>\n<p><strong>Pl\u00e1novan\u00e9 trasy:<\/strong><\/p>\n<p>Trasa: <strong><a href=\"http:\/\/tjsokolchornice.cz\/akce\/trasakocarkyfinale.pdf\">Toulav\u00fd ko\u010d\u00e1rek 8 km<\/a><\/strong><br \/>\nTrasa: <strong><a href=\"http:\/\/tjsokolchornice.cz\/akce\/16 km.pdf\">St\u0159edn\u00ed trasa&nbsp; 16 km<\/a><\/strong><br \/>\nTrasa: <strong>P\u011b\u0161\u00ed a cyklotrasa 25km<\/strong><br \/>\n&#8211; <a href=\"http:\/\/tjsokolchornice.cz\/akce\/vandrkola.pdf\">n\u00e1hled trasy<\/a><br \/>\n&#8211; <a href=\"http:\/\/tjsokolchornice.cz\/akce\/trasa22014profil.pdf\">profil trasy<\/a><\/p>\n<p>&nbsp;<\/p>\n<p>&nbsp;<\/p>\n<p>&nbsp;<\/p>\n","protected":false},"excerpt":{"rendered":"<p>Chornick\u00fd vandr 2014 Pl\u00e1kat akce Pl\u00e1novan\u00e9 trasy: Trasa: Toulav\u00fd ko\u010d\u00e1rek 8 km Trasa: St\u0159edn\u00ed trasa&nbsp; 16 km Trasa: P\u011b\u0161\u00ed a cyklotrasa 25km &#8211; n\u00e1hled trasy &#8211; profil trasy &nbsp; &nbsp; &nbsp;<\/p>\n","protected":false},"author":1,"featured_media":0,"parent":1876,"menu_order":0,"comment_status":"closed","ping_status":"closed","template":"","meta":{"ngg_post_thumbnail":0},"_links":{"self":[{"href":"https:\/\/tjsokolchornice.cz\/index.php?rest_route=\/wp\/v2\/pages\/343"}],"collection":[{"href":"https:\/\/tjsokolchornice.cz\/index.php?rest_route=\/wp\/v2\/pages"}],"about":[{"href":"https:\/\/tjsokolchornice.cz\/index.php?rest_route=\/wp\/v2\/types\/page"}],"author":[{"embeddable":true,"href":"https:\/\/tjsokolchornice.cz\/index.php?rest_route=\/wp\/v2\/users\/1"}],"replies":[{"embeddable":true,"href":"https:\/\/tjsokolchornice.cz\/index.php?rest_route=%2Fwp%2Fv2%2Fcomments&post=343"}],"version-history":[{"count":9,"href":"https:\/\/tjsokolchornice.cz\/index.php?rest_route=\/wp\/v2\/pages\/343\/revisions"}],"predecessor-version":[{"id":1905,"href":"https:\/\/tjsokolchornice.cz\/index.php?rest_route=\/wp\/v2\/pages\/343\/revisions\/1905"}],"up":[{"embeddable":true,"href":"https:\/\/tjsokolchornice.cz\/index.php?rest_route=\/wp\/v2\/pages\/1876"}],"wp:attachment":[{"href":"https:\/\/tjsokolchornice.cz\/index.php?rest_route=%2Fwp%2Fv2%2Fmedia&parent=343"}],"curies":[{"name":"wp","href":"https:\/\/api.w.org\/{rel}","templated":true}]}}