{"id":32,"date":"2013-04-15T20:00:43","date_gmt":"2013-04-15T20:00:43","guid":{"rendered":"http:\/\/tjsokolchornice.cz\/?page_id=32"},"modified":"2019-03-15T12:20:01","modified_gmt":"2019-03-15T12:20:01","slug":"domu","status":"publish","type":"page","link":"https:\/\/tjsokolchornice.cz\/?page_id=32","title":{"rendered":"Dom\u016f"},"content":{"rendered":"<p>TJ Sokol Chornice, z.s. p\u016fsob\u00ed v na\u0161\u00ed obci ji\u017e od roku 1945.<\/p>\n<p>V sou\u010dasn\u00e9 dob\u011b se sna\u017e\u00edme po\u0159\u00e1dat vedle pravideln\u00fdch t\u00fddenn\u00edch aktivit pro d\u011bti&nbsp; a dosp\u011bl\u00e9 i r\u016fzn\u00e9 sportovn\u00ed \u010di kulturn\u00ed akce.<\/p>\n<p>Mezi tradi\u010dn\u00ed akce pat\u0159\u00ed Chornick\u00fd vandr, Draki\u00e1da, Pom\u00e1h\u00e1me pohybem, nov\u011b tak\u00e9 organizujeme Mikul\u00e1\u0161skou nad\u00edlku.<\/p>\n<p>Za podporu na\u0161\u00ed \u010dinnosti d\u011bkujeme Obci Chornice, ale i ostatn\u00edm m\u00edstn\u00edm spolk\u016fm, kte\u0159\u00ed n\u00e1m ji\u017e n\u011bkolikr\u00e1t pomohli zajistit zd\u00e1rn\u00fd pr\u016fb\u011bh akc\u00ed.<\/p>\n","protected":false},"excerpt":{"rendered":"<p>TJ Sokol Chornice, z.s. p\u016fsob\u00ed v na\u0161\u00ed obci ji\u017e od roku 1945. V sou\u010dasn\u00e9 dob\u011b se sna\u017e\u00edme po\u0159\u00e1dat vedle pravideln\u00fdch t\u00fddenn\u00edch aktivit pro d\u011bti&nbsp; a dosp\u011bl\u00e9 i r\u016fzn\u00e9 sportovn\u00ed \u010di kulturn\u00ed akce. Mezi tradi\u010dn\u00ed akce pat\u0159\u00ed Chornick\u00fd vandr, Draki\u00e1da, Pom\u00e1h\u00e1me pohybem, nov\u011b tak\u00e9 organizujeme Mikul\u00e1\u0161skou nad\u00edlku. Za podporu na\u0161\u00ed \u010dinnosti d\u011bkujeme Obci Chornice, ale i &hellip; <a href=\"https:\/\/tjsokolchornice.cz\/?page_id=32\">Continue reading <span class=\"meta-nav\">&rarr;<\/span><\/a><\/p>\n","protected":false},"author":1,"featured_media":0,"parent":0,"menu_order":0,"comment_status":"closed","ping_status":"closed","template":"","meta":{"ngg_post_thumbnail":0},"_links":{"self":[{"href":"https:\/\/tjsokolchornice.cz\/index.php?rest_route=\/wp\/v2\/pages\/32"}],"collection":[{"href":"https:\/\/tjsokolchornice.cz\/index.php?rest_route=\/wp\/v2\/pages"}],"about":[{"href":"https:\/\/tjsokolchornice.cz\/index.php?rest_route=\/wp\/v2\/types\/page"}],"author":[{"embeddable":true,"href":"https:\/\/tjsokolchornice.cz\/index.php?rest_route=\/wp\/v2\/users\/1"}],"replies":[{"embeddable":true,"href":"https:\/\/tjsokolchornice.cz\/index.php?rest_route=%2Fwp%2Fv2%2Fcomments&post=32"}],"version-history":[{"count":7,"href":"https:\/\/tjsokolchornice.cz\/index.php?rest_route=\/wp\/v2\/pages\/32\/revisions"}],"predecessor-version":[{"id":2520,"href":"https:\/\/tjsokolchornice.cz\/index.php?rest_route=\/wp\/v2\/pages\/32\/revisions\/2520"}],"wp:attachment":[{"href":"https:\/\/tjsokolchornice.cz\/index.php?rest_route=%2Fwp%2Fv2%2Fmedia&parent=32"}],"curies":[{"name":"wp","href":"https:\/\/api.w.org\/{rel}","templated":true}]}}