{"id":3176,"date":"2025-08-12T20:37:26","date_gmt":"2025-08-12T20:37:26","guid":{"rendered":"https:\/\/tjsokolchornice.cz\/?page_id=3176"},"modified":"2025-09-01T18:53:21","modified_gmt":"2025-09-01T18:53:21","slug":"sbirka-pro-tomaska","status":"publish","type":"page","link":"https:\/\/tjsokolchornice.cz\/?page_id=3176","title":{"rendered":"Sb\u00edrka pro Tom\u00e1\u0161ka"},"content":{"rendered":"\n<p>TJ Sokol Chornice, z.s. po\u0159\u00e1d\u00e1 28. 9. 2025 od 15.00 hodin charitativn\u00ed akci na podporu Tom\u00e1\u0161ka Fialy.<\/p>\n\n\n\n<p>V\u00edce o Tom\u00e1\u0161kovi si m\u016f\u017eete p\u0159e\u010d\u00edst<a href=\"http:\/\/tjsokolchornice.cz\/wp-content\/uploads\/2025\/08\/Prezentace.pdf\">&nbsp;ZDE.<\/a><\/p>\n\n\n\n<p>Plak\u00e1t najdete<a href=\"http:\/\/tjsokolchornice.cz\/wp-content\/uploads\/2025\/09\/plakat.pdf\">\u00a0ZDE.<\/a><\/p>\n","protected":false},"excerpt":{"rendered":"<p>TJ Sokol Chornice, z.s. po\u0159\u00e1d\u00e1 28. 9. 2025 od 15.00 hodin charitativn\u00ed akci na podporu Tom\u00e1\u0161ka Fialy. V\u00edce o Tom\u00e1\u0161kovi si m\u016f\u017eete p\u0159e\u010d\u00edst&nbsp;ZDE. Plak\u00e1t najdete\u00a0ZDE.<\/p>\n","protected":false},"author":1,"featured_media":0,"parent":2596,"menu_order":0,"comment_status":"closed","ping_status":"closed","template":"","meta":{"ngg_post_thumbnail":0},"_links":{"self":[{"href":"https:\/\/tjsokolchornice.cz\/index.php?rest_route=\/wp\/v2\/pages\/3176"}],"collection":[{"href":"https:\/\/tjsokolchornice.cz\/index.php?rest_route=\/wp\/v2\/pages"}],"about":[{"href":"https:\/\/tjsokolchornice.cz\/index.php?rest_route=\/wp\/v2\/types\/page"}],"author":[{"embeddable":true,"href":"https:\/\/tjsokolchornice.cz\/index.php?rest_route=\/wp\/v2\/users\/1"}],"replies":[{"embeddable":true,"href":"https:\/\/tjsokolchornice.cz\/index.php?rest_route=%2Fwp%2Fv2%2Fcomments&post=3176"}],"version-history":[{"count":4,"href":"https:\/\/tjsokolchornice.cz\/index.php?rest_route=\/wp\/v2\/pages\/3176\/revisions"}],"predecessor-version":[{"id":3187,"href":"https:\/\/tjsokolchornice.cz\/index.php?rest_route=\/wp\/v2\/pages\/3176\/revisions\/3187"}],"up":[{"embeddable":true,"href":"https:\/\/tjsokolchornice.cz\/index.php?rest_route=\/wp\/v2\/pages\/2596"}],"wp:attachment":[{"href":"https:\/\/tjsokolchornice.cz\/index.php?rest_route=%2Fwp%2Fv2%2Fmedia&parent=3176"}],"curies":[{"name":"wp","href":"https:\/\/api.w.org\/{rel}","templated":true}]}}