{"id":3154,"date":"2025-07-09T09:18:30","date_gmt":"2025-07-09T09:18:30","guid":{"rendered":"https:\/\/tjsokolchornice.cz\/?page_id=3154"},"modified":"2025-07-09T14:26:04","modified_gmt":"2025-07-09T14:26:04","slug":"multifunkcni-hriste","status":"publish","type":"page","link":"https:\/\/tjsokolchornice.cz\/?page_id=3154","title":{"rendered":"MULTIFUNK\u010cN\u00cd H\u0158I\u0160T\u011a"},"content":{"rendered":"\n<p>V roce 2024 jsme otev\u0159eli nov\u00e9 multifunk\u010dn\u00ed h\u0159i\u0161t\u011b, kter\u00e9 je p\u0159ev\u00e1\u017en\u011b ur\u010deno pro spolkovou \u010dinnost.<\/p>\n\n\n\n<p>H\u0159i\u0161t\u011b bylo vybudov\u00e1n\u00ed z dotac\u00ed NSA a podpory Obce Chornice.<\/p>\n\n\n\n<p>Celkov\u00e9 n\u00e1klady \u010dinily 6 255 807, 01 K\u010d<\/p>\n\n\n\n<p>H\u0159i\u0161t\u011b je mo\u017en\u00e9 vyu\u017e\u00edt na n\u00e1sleduj\u00edc\u00ed sporty:<\/p>\n\n\n\n<p>mal\u00e1 kopan\u00e1, basketbal, volejbal, nohejbal, tenis, florbal a badminton.<\/p>\n\n\n\n<p><\/p>\n\n\n\n<p><strong>Provozn\u00ed \u0159\u00e1d h\u0159i\u0161t\u011b najdete <a href=\"http:\/\/tjsokolchornice.cz\/wp-content\/uploads\/2025\/07\/provozni-rad-multifunkcneho-hriste.pdf\" data-type=\"URL\" data-id=\"http:\/\/tjsokolchornice.cz\/wp-content\/uploads\/2025\/07\/provozni-rad-multifunkcneho-hriste.pdf\">ZDE.<\/a><\/strong><\/p>\n\n\n\n<p><\/p>\n\n\n\n<p>Vedle tohoto h\u0159i\u0161t\u011b je tak\u00e9 vybudov\u00e1n\u00e9 nov\u00e9 workoutov\u00e9 h\u0159i\u0161t\u011b pro kategorii 10+, kter\u00e9 lze vyu\u017e\u00edvat na cvi\u010den\u00ed s vlastn\u00ed vahou t\u011bla. <\/p>\n\n\n\n<p>Najdete zde stanice:<\/p>\n\n\n\n<p>Stanice 1 &#8211; Zah\u0159\u00e1t\u00ed t\u011bla<\/p>\n\n\n\n<p>Stanice 2 &#8211; Ruce<\/p>\n\n\n\n<p>Stanice 3 &#8211; Nohy<\/p>\n\n\n\n<p>Stanice 4 &#8211; B\u0159icho + z\u00e1da<\/p>\n\n\n\n<p><\/p>\n\n\n\n<p>H\u0159i\u0161t\u011b m\u016f\u017ee v ur\u010den\u00fdch hodin\u00e1ch vyu\u017e\u00edvat i ve\u0159ejnost. V\u017edy je v\u0161ak nutn\u00e9 kontaktovat spr\u00e1vce h\u0159i\u0161t\u011b: <\/p>\n\n\n\n<p>Ond\u0159ej Kraus, tel. 773 623 191.<\/p>\n\n\n\n<p><strong>N\u00e1v\u0161t\u011bvn\u00edci se zavazuj\u00ed dodr\u017eovat provozn\u00ed a bezpe\u010dnostn\u00ed \u0159\u00e1d, kter\u00fd najdete <a href=\"http:\/\/tjsokolchornice.cz\/wp-content\/uploads\/2025\/07\/navstevni-rad.pdf\" data-type=\"URL\" data-id=\"http:\/\/tjsokolchornice.cz\/wp-content\/uploads\/2025\/07\/navstevni-rad.pdf\">ZDE.<\/a><\/strong><\/p>\n\n\n\n<p><\/p>\n","protected":false},"excerpt":{"rendered":"<p>V roce 2024 jsme otev\u0159eli nov\u00e9 multifunk\u010dn\u00ed h\u0159i\u0161t\u011b, kter\u00e9 je p\u0159ev\u00e1\u017en\u011b ur\u010deno pro spolkovou \u010dinnost. H\u0159i\u0161t\u011b bylo vybudov\u00e1n\u00ed z dotac\u00ed NSA a podpory Obce Chornice. Celkov\u00e9 n\u00e1klady \u010dinily 6 255 807, 01 K\u010d H\u0159i\u0161t\u011b je mo\u017en\u00e9 vyu\u017e\u00edt na n\u00e1sleduj\u00edc\u00ed sporty: mal\u00e1 kopan\u00e1, basketbal, volejbal, nohejbal, tenis, florbal a badminton. Provozn\u00ed \u0159\u00e1d h\u0159i\u0161t\u011b najdete ZDE. Vedle &hellip; <a href=\"https:\/\/tjsokolchornice.cz\/?page_id=3154\">Continue reading <span class=\"meta-nav\">&rarr;<\/span><\/a><\/p>\n","protected":false},"author":1,"featured_media":0,"parent":0,"menu_order":0,"comment_status":"closed","ping_status":"closed","template":"","meta":{"ngg_post_thumbnail":0},"_links":{"self":[{"href":"https:\/\/tjsokolchornice.cz\/index.php?rest_route=\/wp\/v2\/pages\/3154"}],"collection":[{"href":"https:\/\/tjsokolchornice.cz\/index.php?rest_route=\/wp\/v2\/pages"}],"about":[{"href":"https:\/\/tjsokolchornice.cz\/index.php?rest_route=\/wp\/v2\/types\/page"}],"author":[{"embeddable":true,"href":"https:\/\/tjsokolchornice.cz\/index.php?rest_route=\/wp\/v2\/users\/1"}],"replies":[{"embeddable":true,"href":"https:\/\/tjsokolchornice.cz\/index.php?rest_route=%2Fwp%2Fv2%2Fcomments&post=3154"}],"version-history":[{"count":8,"href":"https:\/\/tjsokolchornice.cz\/index.php?rest_route=\/wp\/v2\/pages\/3154\/revisions"}],"predecessor-version":[{"id":3172,"href":"https:\/\/tjsokolchornice.cz\/index.php?rest_route=\/wp\/v2\/pages\/3154\/revisions\/3172"}],"wp:attachment":[{"href":"https:\/\/tjsokolchornice.cz\/index.php?rest_route=%2Fwp%2Fv2%2Fmedia&parent=3154"}],"curies":[{"name":"wp","href":"https:\/\/api.w.org\/{rel}","templated":true}]}}