{"id":2674,"date":"2020-01-19T16:54:37","date_gmt":"2020-01-19T16:54:37","guid":{"rendered":"http:\/\/tjsokolchornice.cz\/?page_id=2674"},"modified":"2020-01-19T17:05:16","modified_gmt":"2020-01-19T17:05:16","slug":"sbirka-pro-nelinku","status":"publish","type":"page","link":"https:\/\/tjsokolchornice.cz\/?page_id=2674","title":{"rendered":"Sb\u00edrka pro Nelinku"},"content":{"rendered":"<div class=\"entry-content clearfix\">\n<p>TJ Sokol Chornice, z.s. ve spolupr\u00e1ci s SDH Chornice a s ryb\u00e1\u0159i z Chornic uspo\u0159\u00e1dali 29. 9. 2019 akci na podporu Nelinky Popelkov\u00e9 posti\u017een\u00e9 d\u011btskou mozkovou obrnou.<\/p>\n<p>V\u00edce o Nelince si m\u016f\u017eete p\u0159e\u010d\u00edst <a href=\"http:\/\/tjsokolchornice.cz\/wp-content\/uploads\/2019\/08\/\u017divotn\u00ed-p\u0159\u00edb\u011bh-Nelinky-Popelkov\u00e9.pdf\">zde.<\/a><\/p>\n<p>Seznam cen a sponzor\u016f naleznete <a href=\"http:\/\/tjsokolchornice.cz\/wp-content\/uploads\/2019\/09\/SEZNAM-CEN-A-SPONZOR\u016e-2019.pdf\">zde.<\/a><\/p>\n<\/div>\n","protected":false},"excerpt":{"rendered":"<p>TJ Sokol Chornice, z.s. ve spolupr\u00e1ci s SDH Chornice a s ryb\u00e1\u0159i z Chornic uspo\u0159\u00e1dali 29. 9. 2019 akci na podporu Nelinky Popelkov\u00e9 posti\u017een\u00e9 d\u011btskou mozkovou obrnou. V\u00edce o Nelince si m\u016f\u017eete p\u0159e\u010d\u00edst zde. Seznam cen a sponzor\u016f naleznete zde.<\/p>\n","protected":false},"author":1,"featured_media":0,"parent":212,"menu_order":0,"comment_status":"closed","ping_status":"closed","template":"","meta":{"ngg_post_thumbnail":0},"_links":{"self":[{"href":"https:\/\/tjsokolchornice.cz\/index.php?rest_route=\/wp\/v2\/pages\/2674"}],"collection":[{"href":"https:\/\/tjsokolchornice.cz\/index.php?rest_route=\/wp\/v2\/pages"}],"about":[{"href":"https:\/\/tjsokolchornice.cz\/index.php?rest_route=\/wp\/v2\/types\/page"}],"author":[{"embeddable":true,"href":"https:\/\/tjsokolchornice.cz\/index.php?rest_route=\/wp\/v2\/users\/1"}],"replies":[{"embeddable":true,"href":"https:\/\/tjsokolchornice.cz\/index.php?rest_route=%2Fwp%2Fv2%2Fcomments&post=2674"}],"version-history":[{"count":6,"href":"https:\/\/tjsokolchornice.cz\/index.php?rest_route=\/wp\/v2\/pages\/2674\/revisions"}],"predecessor-version":[{"id":2682,"href":"https:\/\/tjsokolchornice.cz\/index.php?rest_route=\/wp\/v2\/pages\/2674\/revisions\/2682"}],"up":[{"embeddable":true,"href":"https:\/\/tjsokolchornice.cz\/index.php?rest_route=\/wp\/v2\/pages\/212"}],"wp:attachment":[{"href":"https:\/\/tjsokolchornice.cz\/index.php?rest_route=%2Fwp%2Fv2%2Fmedia&parent=2674"}],"curies":[{"name":"wp","href":"https:\/\/api.w.org\/{rel}","templated":true}]}}