{"id":2596,"date":"2019-08-21T08:05:47","date_gmt":"2019-08-21T08:05:47","guid":{"rendered":"http:\/\/tjsokolchornice.cz\/?page_id=2596"},"modified":"2025-09-01T18:51:04","modified_gmt":"2025-09-01T18:51:04","slug":"sbirka-pro-nelinku-2019","status":"publish","type":"page","link":"https:\/\/tjsokolchornice.cz\/?page_id=2596","title":{"rendered":"Pom\u00e1h\u00e1me pohybem 2025"},"content":{"rendered":"<div id=\"content\" class=\"clearfix\">\n<div class=\"column column-content single\">\n<div id=\"post-2414\" class=\"post-2414 page type-page status-publish hentry\">\n<div class=\"entry-content clearfix\">\n<p>&nbsp;<\/p>\n<div id=\"content\" class=\"clearfix\">\n<div class=\"column column-content single\">\n<div id=\"post-2414\" class=\"post-2414 page type-page status-publish hentry\">\n<div class=\"entry-content clearfix\">\n<p>TJ Sokol Chornice, z.s. po\u0159\u00e1d\u00e1 28. 9. 2025 od 15.00 hodin charitativn\u00ed akci na podporu Tom\u00e1\u0161ka Fialy.<\/p>\n<p>V\u00edce o Tom\u00e1\u0161kovi si m\u016f\u017eete p\u0159e\u010d\u00edst<a href=\"http:\/\/tjsokolchornice.cz\/wp-content\/uploads\/2025\/08\/Prezentace.pdf\"> ZDE.<\/a><\/p>\n<p>Plak\u00e1t najdete <a href=\"http:\/\/tjsokolchornice.cz\/wp-content\/uploads\/2025\/09\/plakat.pdf\">ZDE.<\/a><\/p>\n<\/div>\n<div class=\"entry-meta\">&nbsp;<\/div>\n<\/div>\n<div id=\"comments\">&nbsp;<\/div>\n<\/div>\n<div class=\"column column-narrow column-last\">&nbsp;<\/div>\n<\/div>\n<\/div>\n<div class=\"entry-meta\">&nbsp;<\/div>\n<\/div>\n<div id=\"comments\">&nbsp;<\/div>\n<\/div>\n<div class=\"column column-narrow column-last\">&nbsp;<\/div>\n<\/div>\n","protected":false},"excerpt":{"rendered":"<p>&nbsp; TJ Sokol Chornice, z.s. po\u0159\u00e1d\u00e1 28. 9. 2025 od 15.00 hodin charitativn\u00ed akci na podporu Tom\u00e1\u0161ka Fialy. V\u00edce o Tom\u00e1\u0161kovi si m\u016f\u017eete p\u0159e\u010d\u00edst ZDE. Plak\u00e1t najdete ZDE. &nbsp; &nbsp; &nbsp; &nbsp; &nbsp; &nbsp;<\/p>\n","protected":false},"author":1,"featured_media":0,"parent":7,"menu_order":0,"comment_status":"closed","ping_status":"closed","template":"","meta":{"ngg_post_thumbnail":0},"_links":{"self":[{"href":"https:\/\/tjsokolchornice.cz\/index.php?rest_route=\/wp\/v2\/pages\/2596"}],"collection":[{"href":"https:\/\/tjsokolchornice.cz\/index.php?rest_route=\/wp\/v2\/pages"}],"about":[{"href":"https:\/\/tjsokolchornice.cz\/index.php?rest_route=\/wp\/v2\/types\/page"}],"author":[{"embeddable":true,"href":"https:\/\/tjsokolchornice.cz\/index.php?rest_route=\/wp\/v2\/users\/1"}],"replies":[{"embeddable":true,"href":"https:\/\/tjsokolchornice.cz\/index.php?rest_route=%2Fwp%2Fv2%2Fcomments&post=2596"}],"version-history":[{"count":23,"href":"https:\/\/tjsokolchornice.cz\/index.php?rest_route=\/wp\/v2\/pages\/2596\/revisions"}],"predecessor-version":[{"id":3185,"href":"https:\/\/tjsokolchornice.cz\/index.php?rest_route=\/wp\/v2\/pages\/2596\/revisions\/3185"}],"up":[{"embeddable":true,"href":"https:\/\/tjsokolchornice.cz\/index.php?rest_route=\/wp\/v2\/pages\/7"}],"wp:attachment":[{"href":"https:\/\/tjsokolchornice.cz\/index.php?rest_route=%2Fwp%2Fv2%2Fmedia&parent=2596"}],"curies":[{"name":"wp","href":"https:\/\/api.w.org\/{rel}","templated":true}]}}