{"id":2430,"date":"2018-09-15T20:12:52","date_gmt":"2018-09-15T20:12:52","guid":{"rendered":"http:\/\/tjsokolchornice.cz\/?page_id=2430"},"modified":"2019-03-15T12:30:47","modified_gmt":"2019-03-15T12:30:47","slug":"gdpr","status":"publish","type":"page","link":"https:\/\/tjsokolchornice.cz\/?page_id=2430","title":{"rendered":"GDPR"},"content":{"rendered":"<p style=\"text-align: left;\"><b>Obecn\u00e9 na\u0159\u00edzen\u00ed o ochran\u011b osobn\u00edch \u00fadaj\u016f<\/b><strong> pln\u00fdm n\u00e1zvem Na\u0159\u00edzen\u00ed Evropsk\u00e9ho parlamentu a Rady (EU) \u010d. 2016\/679 ze dne 27. dubna 2016 o ochran\u011b fyzick\u00fdch osob v souvislosti se zpracov\u00e1n\u00edm osobn\u00edch \u00fadaj\u016f a o voln\u00e9m pohybu t\u011bchto \u00fadaj\u016f a o zru\u0161en\u00ed sm\u011brnice 95\/46\/ES (obecn\u00e9 na\u0159\u00edzen\u00ed o ochran\u011b osobn\u00edch \u00fadaj\u016f), je na\u0159\u00edzen\u00ed Evropsk\u00e9 unie, jeho\u017e c\u00edlem je v\u00fdrazn\u00e9 zv\u00fd\u0161en\u00ed ochrany osobn\u00edch dat ob\u010dan\u016f. V \u00da\u0159edn\u00edm v\u011bstn\u00edku Evropsk\u00e9 unie bylo vyhl\u00e1\u0161eno dne 27. dubna 2016.<sup id=\"cite_ref-1\" class=\"reference\"><a href=\"https:\/\/cs.wikipedia.org\/wiki\/Obecn%C3%A9_na%C5%99%C3%ADzen%C3%AD_o_ochran%C4%9B_osobn%C3%ADch_%C3%BAdaj%C5%AF#cite_note-1\">[1]<\/a><\/sup><\/strong><\/p>\n","protected":false},"excerpt":{"rendered":"<p>Obecn\u00e9 na\u0159\u00edzen\u00ed o ochran\u011b osobn\u00edch \u00fadaj\u016f pln\u00fdm n\u00e1zvem Na\u0159\u00edzen\u00ed Evropsk\u00e9ho parlamentu a Rady (EU) \u010d. 2016\/679 ze dne 27. dubna 2016 o ochran\u011b fyzick\u00fdch osob v souvislosti se zpracov\u00e1n\u00edm osobn\u00edch \u00fadaj\u016f a o voln\u00e9m pohybu t\u011bchto \u00fadaj\u016f a o zru\u0161en\u00ed sm\u011brnice 95\/46\/ES (obecn\u00e9 na\u0159\u00edzen\u00ed o ochran\u011b osobn\u00edch \u00fadaj\u016f), je na\u0159\u00edzen\u00ed Evropsk\u00e9 unie, jeho\u017e c\u00edlem je &hellip; <a href=\"https:\/\/tjsokolchornice.cz\/?page_id=2430\">Continue reading <span class=\"meta-nav\">&rarr;<\/span><\/a><\/p>\n","protected":false},"author":1,"featured_media":0,"parent":0,"menu_order":0,"comment_status":"closed","ping_status":"closed","template":"","meta":{"ngg_post_thumbnail":0},"_links":{"self":[{"href":"https:\/\/tjsokolchornice.cz\/index.php?rest_route=\/wp\/v2\/pages\/2430"}],"collection":[{"href":"https:\/\/tjsokolchornice.cz\/index.php?rest_route=\/wp\/v2\/pages"}],"about":[{"href":"https:\/\/tjsokolchornice.cz\/index.php?rest_route=\/wp\/v2\/types\/page"}],"author":[{"embeddable":true,"href":"https:\/\/tjsokolchornice.cz\/index.php?rest_route=\/wp\/v2\/users\/1"}],"replies":[{"embeddable":true,"href":"https:\/\/tjsokolchornice.cz\/index.php?rest_route=%2Fwp%2Fv2%2Fcomments&post=2430"}],"version-history":[{"count":3,"href":"https:\/\/tjsokolchornice.cz\/index.php?rest_route=\/wp\/v2\/pages\/2430\/revisions"}],"predecessor-version":[{"id":2522,"href":"https:\/\/tjsokolchornice.cz\/index.php?rest_route=\/wp\/v2\/pages\/2430\/revisions\/2522"}],"wp:attachment":[{"href":"https:\/\/tjsokolchornice.cz\/index.php?rest_route=%2Fwp%2Fv2%2Fmedia&parent=2430"}],"curies":[{"name":"wp","href":"https:\/\/api.w.org\/{rel}","templated":true}]}}