{"id":2370,"date":"2018-04-02T19:22:38","date_gmt":"2018-04-02T19:22:38","guid":{"rendered":"http:\/\/tjsokolchornice.cz\/?page_id=2370"},"modified":"2018-05-10T13:09:37","modified_gmt":"2018-05-10T13:09:37","slug":"chornicky-vandr-2018","status":"publish","type":"page","link":"https:\/\/tjsokolchornice.cz\/?page_id=2370","title":{"rendered":"Chornick\u00fd vandr 2018"},"content":{"rendered":"<p>V\u00e1\u017een\u00ed p\u0159\u00e1tel\u00e9,<\/p>\n<p>zveme V\u00e1s na 6. ro\u010dn\u00edk turistick\u00e9ho a cyklistick\u00e9ho pochodu s ekologick\u00fdm z\u00e1m\u011brem &#8211; CHORNICK\u00dd VANDR, kter\u00fd prob\u011bhne v \u00fater\u00fd 8. kv\u011btna 2018.<\/p>\n<p><a href=\"http:\/\/tjsokolchornice.cz\/wp-content\/uploads\/2018\/04\/chornick\u00fd-vandr-2018.pdf\"><em><strong>PLAK\u00c1T<\/strong><\/em><\/a><\/p>\n<p><em><strong>&nbsp;<\/strong><\/em><\/p>\n","protected":false},"excerpt":{"rendered":"<p>V\u00e1\u017een\u00ed p\u0159\u00e1tel\u00e9, zveme V\u00e1s na 6. ro\u010dn\u00edk turistick\u00e9ho a cyklistick\u00e9ho pochodu s ekologick\u00fdm z\u00e1m\u011brem &#8211; CHORNICK\u00dd VANDR, kter\u00fd prob\u011bhne v \u00fater\u00fd 8. kv\u011btna 2018. PLAK\u00c1T &nbsp;<\/p>\n","protected":false},"author":1,"featured_media":0,"parent":1876,"menu_order":0,"comment_status":"closed","ping_status":"closed","template":"","meta":{"ngg_post_thumbnail":0},"_links":{"self":[{"href":"https:\/\/tjsokolchornice.cz\/index.php?rest_route=\/wp\/v2\/pages\/2370"}],"collection":[{"href":"https:\/\/tjsokolchornice.cz\/index.php?rest_route=\/wp\/v2\/pages"}],"about":[{"href":"https:\/\/tjsokolchornice.cz\/index.php?rest_route=\/wp\/v2\/types\/page"}],"author":[{"embeddable":true,"href":"https:\/\/tjsokolchornice.cz\/index.php?rest_route=\/wp\/v2\/users\/1"}],"replies":[{"embeddable":true,"href":"https:\/\/tjsokolchornice.cz\/index.php?rest_route=%2Fwp%2Fv2%2Fcomments&post=2370"}],"version-history":[{"count":6,"href":"https:\/\/tjsokolchornice.cz\/index.php?rest_route=\/wp\/v2\/pages\/2370\/revisions"}],"predecessor-version":[{"id":2390,"href":"https:\/\/tjsokolchornice.cz\/index.php?rest_route=\/wp\/v2\/pages\/2370\/revisions\/2390"}],"up":[{"embeddable":true,"href":"https:\/\/tjsokolchornice.cz\/index.php?rest_route=\/wp\/v2\/pages\/1876"}],"wp:attachment":[{"href":"https:\/\/tjsokolchornice.cz\/index.php?rest_route=%2Fwp%2Fv2%2Fmedia&parent=2370"}],"curies":[{"name":"wp","href":"https:\/\/api.w.org\/{rel}","templated":true}]}}