{"id":232,"date":"2014-01-04T20:04:17","date_gmt":"2014-01-04T20:04:17","guid":{"rendered":"http:\/\/tjsokolchornice.cz\/?page_id=232"},"modified":"2017-04-16T18:58:03","modified_gmt":"2017-04-16T18:58:03","slug":"vyrocni-schuze","status":"publish","type":"page","link":"https:\/\/tjsokolchornice.cz\/?page_id=232","title":{"rendered":"\u010clensk\u00e9 sch\u016fze"},"content":{"rendered":"<p><a href=\"http:\/\/tjsokolchornice.cz\/wp-content\/uploads\/2017\/04\/Zapisschuze2017.pdf\">Z\u00e1pis z \u010dlensk\u00e9&nbsp; sch\u016fze 27.1.2017<\/a><\/p>\n","protected":false},"excerpt":{"rendered":"<p>Z\u00e1pis z \u010dlensk\u00e9&nbsp; sch\u016fze 27.1.2017<\/p>\n","protected":false},"author":1,"featured_media":0,"parent":0,"menu_order":0,"comment_status":"closed","ping_status":"closed","template":"","meta":{"ngg_post_thumbnail":0},"_links":{"self":[{"href":"https:\/\/tjsokolchornice.cz\/index.php?rest_route=\/wp\/v2\/pages\/232"}],"collection":[{"href":"https:\/\/tjsokolchornice.cz\/index.php?rest_route=\/wp\/v2\/pages"}],"about":[{"href":"https:\/\/tjsokolchornice.cz\/index.php?rest_route=\/wp\/v2\/types\/page"}],"author":[{"embeddable":true,"href":"https:\/\/tjsokolchornice.cz\/index.php?rest_route=\/wp\/v2\/users\/1"}],"replies":[{"embeddable":true,"href":"https:\/\/tjsokolchornice.cz\/index.php?rest_route=%2Fwp%2Fv2%2Fcomments&post=232"}],"version-history":[{"count":9,"href":"https:\/\/tjsokolchornice.cz\/index.php?rest_route=\/wp\/v2\/pages\/232\/revisions"}],"predecessor-version":[{"id":1236,"href":"https:\/\/tjsokolchornice.cz\/index.php?rest_route=\/wp\/v2\/pages\/232\/revisions\/1236"}],"wp:attachment":[{"href":"https:\/\/tjsokolchornice.cz\/index.php?rest_route=%2Fwp%2Fv2%2Fmedia&parent=232"}],"curies":[{"name":"wp","href":"https:\/\/api.w.org\/{rel}","templated":true}]}}