{"id":1211,"date":"2017-04-16T18:14:04","date_gmt":"2017-04-16T18:14:04","guid":{"rendered":"http:\/\/tjsokolchornice.cz\/?page_id=1211"},"modified":"2018-01-21T13:53:36","modified_gmt":"2018-01-21T13:53:36","slug":"chornicky-vandr-2017","status":"publish","type":"page","link":"https:\/\/tjsokolchornice.cz\/?page_id=1211","title":{"rendered":"Chornick\u00fd vandr 2017"},"content":{"rendered":"<h2>Chornick\u00fd vandr 2017<\/h2>\n<p><strong><a href=\"http:\/\/tjsokolchornice.cz\/wp-content\/uploads\/2017\/04\/plak\u00e1t-chornick\u00fd-vandr-2017.pdf\">Pl\u00e1kat akce<\/a><\/strong><\/p>\n<p><strong>Pl\u00e1novan\u00e9 trasy:<\/strong><\/p>\n<p>Trasa: <strong>Mrn\u011b<\/strong> &#8211; trasa pro nejmen\u0161\u00ed s ko\u010d\u00e1rky na rozcest\u00ed Pod Hu\u0161\u00e1kem a zp\u011bt, d\u00e9lka trasy&nbsp;<strong>7<\/strong><strong> km,&nbsp;<\/strong> na cest\u011b pozn\u00e1vac\u00ed sout\u011b\u017e a ob\u010derstven\u00ed.<br \/>\nTrasa: <a href=\"http:\/\/tjsokolchornice.cz\/akce\/trasa11km.pdf\">D\u011btsk\u00e1 trasa<strong> 11 km<\/strong><\/a><br \/>\nNa trase pomoc\u00ed GPS sou\u0159adnic m\u016f\u017eete objevit poklad dle n\u00ed\u017ee uveden\u00fdch sou\u0159adnic: &nbsp;&nbsp;&nbsp;&nbsp;<\/p>\n<ul>\n<li style=\"list-style-type: none;\">\n<ul>1. N49\u00b0 39,996 E016\u00b0 44,023<\/ul>\n<ul>2. N49\u00b0 40,062 E016\u00b0 43,501<\/ul>\n<ul>3. N49\u00b0 40,167 E016\u00b0 42,980<\/ul>\n<ul>4. N49\u00b0 40,345 E016\u00b0 42,020<\/ul>\n<ul>5. N49\u00b0 40,207 E016\u00b0 42,278<\/ul>\n<ul>6. N49\u00b0 40,193 E016\u00b0 42,638<\/ul>\n<ul>7. N49\u00b0 39,947 E016\u00b0 44,632<\/ul>\n<p><strong>Pro hled\u00e1n\u00ed pokladu vyu\u017eijte n\u00e1sleduj\u00edc\u00ed programy:<\/strong><br \/>\n<strong>pro android<\/strong> c:geo https:\/\/play.google.com\/store\/apps\/details?id=cgeo.geocaching<br \/>\n<strong>pro ios<\/strong> Geocaching https:\/\/itunes.apple.com\/us\/app\/geocaching-intro\/id329541503<\/p>\n<p>Trasa: <a href=\"http:\/\/tjsokolchornice.cz\/akce\/18km.pdf\">St\u0159edn\u00ed trasa<strong>&nbsp; 18 km<\/strong><\/a><br \/>\nTrasa: <a href=\"http:\/\/tjsokolchornice.cz\/akce\/trasa25km.pdf\">P\u011b\u0161\u00ed a cyklotrasa<strong> 25km<\/strong><\/a><br \/>\nTrasa: <a href=\"http:\/\/tjsokolchornice.cz\/wp-content\/uploads\/2017\/04\/Trasa46km.pdf\">Cyklotrasa 46 <strong>km <\/strong><\/a><\/p>\n<p>&nbsp;<\/li>\n<\/ul>\n","protected":false},"excerpt":{"rendered":"<p>Chornick\u00fd vandr 2017 Pl\u00e1kat akce Pl\u00e1novan\u00e9 trasy: Trasa: Mrn\u011b &#8211; trasa pro nejmen\u0161\u00ed s ko\u010d\u00e1rky na rozcest\u00ed Pod Hu\u0161\u00e1kem a zp\u011bt, d\u00e9lka trasy&nbsp;7 km,&nbsp; na cest\u011b pozn\u00e1vac\u00ed sout\u011b\u017e a ob\u010derstven\u00ed. Trasa: D\u011btsk\u00e1 trasa 11 km Na trase pomoc\u00ed GPS sou\u0159adnic m\u016f\u017eete objevit poklad dle n\u00ed\u017ee uveden\u00fdch sou\u0159adnic: &nbsp;&nbsp;&nbsp;&nbsp; 1. N49\u00b0 39,996 E016\u00b0 44,023 2. N49\u00b0 &hellip; <a href=\"https:\/\/tjsokolchornice.cz\/?page_id=1211\">Continue reading <span class=\"meta-nav\">&rarr;<\/span><\/a><\/p>\n","protected":false},"author":1,"featured_media":0,"parent":1876,"menu_order":0,"comment_status":"closed","ping_status":"closed","template":"","meta":{"ngg_post_thumbnail":0},"_links":{"self":[{"href":"https:\/\/tjsokolchornice.cz\/index.php?rest_route=\/wp\/v2\/pages\/1211"}],"collection":[{"href":"https:\/\/tjsokolchornice.cz\/index.php?rest_route=\/wp\/v2\/pages"}],"about":[{"href":"https:\/\/tjsokolchornice.cz\/index.php?rest_route=\/wp\/v2\/types\/page"}],"author":[{"embeddable":true,"href":"https:\/\/tjsokolchornice.cz\/index.php?rest_route=\/wp\/v2\/users\/1"}],"replies":[{"embeddable":true,"href":"https:\/\/tjsokolchornice.cz\/index.php?rest_route=%2Fwp%2Fv2%2Fcomments&post=1211"}],"version-history":[{"count":6,"href":"https:\/\/tjsokolchornice.cz\/index.php?rest_route=\/wp\/v2\/pages\/1211\/revisions"}],"predecessor-version":[{"id":1815,"href":"https:\/\/tjsokolchornice.cz\/index.php?rest_route=\/wp\/v2\/pages\/1211\/revisions\/1815"}],"up":[{"embeddable":true,"href":"https:\/\/tjsokolchornice.cz\/index.php?rest_route=\/wp\/v2\/pages\/1876"}],"wp:attachment":[{"href":"https:\/\/tjsokolchornice.cz\/index.php?rest_route=%2Fwp%2Fv2%2Fmedia&parent=1211"}],"curies":[{"name":"wp","href":"https:\/\/api.w.org\/{rel}","templated":true}]}}