{"id":11,"date":"2013-04-15T19:38:21","date_gmt":"2013-04-15T19:38:21","guid":{"rendered":"http:\/\/tjsokolchornice.cz\/?page_id=11"},"modified":"2024-08-23T13:14:09","modified_gmt":"2024-08-23T13:14:09","slug":"kontakty","status":"publish","type":"page","link":"https:\/\/tjsokolchornice.cz\/","title":{"rendered":"Kontakty"},"content":{"rendered":"<address style=\"text-align: center;\"><strong><a href=\"http:\/\/tjsokolchornice.cz\/wp-content\/uploads\/2013\/04\/logosokol0011.jpg\"><img decoding=\"async\" loading=\"lazy\" class=\"size-full wp-image-364 aligncenter\" src=\"http:\/\/tjsokolchornice.cz\/wp-content\/uploads\/2013\/04\/logosokol0011.jpg\" alt=\"logosokol001\" width=\"200\" height=\"138\"><\/a>Kontakty na organizaci:<\/strong><\/address>\n<p style=\"text-align: center;\">TJ Sokol Chornice, z. s.<br \/>\nI\u010cO 15035972<br \/>\nJev\u00ed\u010dsk\u00e1 41, 569 42 Chornice<\/p>\n<p style=\"text-align: center;\">Bankovn\u00ed spojen\u00ed: 154052903\/0300<\/p>\n<p style=\"text-align: center;\">Datov\u00e1 schr\u00e1nka: <strong>txwrwu3<\/strong><\/p>\n<p style=\"text-align: center;\"><strong>P\u0159edsedkyn\u011b<\/strong> &#8211; Mgr. Blanka Mauerov\u00e1<\/p>\n<p style=\"text-align: center;\">email: tjsokolchornice@gmail.com<\/p>\n<p style=\"text-align: center;\">telefon: +420 775 781 930<\/p>\n<p style=\"text-align: center;\"><strong>Jednatel <\/strong>&#8211;&nbsp; Ji\u0159\u00ed Slab\u00fd<br \/>\nemail: tjsokolchornice@gmail.com<\/p>\n<p style=\"text-align: center;\"><strong>\u010clenov\u00e9 v\u00fdboru:<\/strong><\/p>\n<p style=\"text-align: center;\">Alena Fiebichov\u00e1<\/p>\n<p style=\"text-align: center;\">Petra Klva\u010dov\u00e1<\/p>\n<p style=\"text-align: center;\">Ond\u0159ej Kraus<\/p>\n<p style=\"text-align: center;\">Bc. Jaroslav Mauer<\/p>\n<p style=\"text-align: center;\">Mgr. Radek Pila\u0159<\/p>\n<p style=\"text-align: center;\">Mgr. Ilona B\u00edlkov\u00e1, DiS.<\/p>\n<p style=\"text-align: center;\">Zde\u0148ka Vykydalov\u00e1<\/p>\n<p><span style=\"border-radius: 2px; text-indent: 20px; width: auto; padding: 0px 4px 0px 0px; text-align: center; font: bold 11px\/20px 'Helvetica Neue',Helvetica,sans-serif; color: #ffffff; background: #bd081c no-repeat scroll 3px 50% \/ 14px 14px; position: absolute; opacity: 1; z-index: 8675309; display: none; cursor: pointer; top: 20px; left: 333px;\">Ulo\u017eit<\/span><\/p>\n<p><span style=\"border-radius: 2px; text-indent: 20px; width: auto; padding: 0px 4px 0px 0px; text-align: center; font: bold 11px\/20px 'Helvetica Neue',Helvetica,sans-serif; color: #ffffff; background: #bd081c no-repeat scroll 3px 50% \/ 14px 14px; position: absolute; opacity: 1; z-index: 8675309; display: none; cursor: pointer; top: 44px; left: 333px;\">Ulo\u017eit<\/span><\/p>\n<p><span style=\"border-radius: 2px; text-indent: 20px; width: auto; padding: 0px 4px 0px 0px; text-align: center; font: bold 11px\/20px 'Helvetica Neue',Helvetica,sans-serif; color: #ffffff; background: #bd081c no-repeat scroll 3px 50% \/ 14px 14px; position: absolute; opacity: 1; z-index: 8675309; display: none; cursor: pointer;\">Ulo\u017eit<\/span><\/p>\n","protected":false},"excerpt":{"rendered":"<p>Kontakty na organizaci: TJ Sokol Chornice, z. s. I\u010cO 15035972 Jev\u00ed\u010dsk\u00e1 41, 569 42 Chornice Bankovn\u00ed spojen\u00ed: 154052903\/0300 Datov\u00e1 schr\u00e1nka: txwrwu3 P\u0159edsedkyn\u011b &#8211; Mgr. Blanka Mauerov\u00e1 email: tjsokolchornice@gmail.com telefon: +420 775 781 930 Jednatel &#8211;&nbsp; Ji\u0159\u00ed Slab\u00fd email: tjsokolchornice@gmail.com \u010clenov\u00e9 v\u00fdboru: Alena Fiebichov\u00e1 Petra Klva\u010dov\u00e1 Ond\u0159ej Kraus Bc. Jaroslav Mauer Mgr. Radek Pila\u0159 Mgr. Ilona &hellip; <a href=\"https:\/\/tjsokolchornice.cz\/\">Continue reading <span class=\"meta-nav\">&rarr;<\/span><\/a><\/p>\n","protected":false},"author":1,"featured_media":360,"parent":32,"menu_order":0,"comment_status":"closed","ping_status":"closed","template":"","meta":{"ngg_post_thumbnail":0},"_links":{"self":[{"href":"https:\/\/tjsokolchornice.cz\/index.php?rest_route=\/wp\/v2\/pages\/11"}],"collection":[{"href":"https:\/\/tjsokolchornice.cz\/index.php?rest_route=\/wp\/v2\/pages"}],"about":[{"href":"https:\/\/tjsokolchornice.cz\/index.php?rest_route=\/wp\/v2\/types\/page"}],"author":[{"embeddable":true,"href":"https:\/\/tjsokolchornice.cz\/index.php?rest_route=\/wp\/v2\/users\/1"}],"replies":[{"embeddable":true,"href":"https:\/\/tjsokolchornice.cz\/index.php?rest_route=%2Fwp%2Fv2%2Fcomments&post=11"}],"version-history":[{"count":41,"href":"https:\/\/tjsokolchornice.cz\/index.php?rest_route=\/wp\/v2\/pages\/11\/revisions"}],"predecessor-version":[{"id":3083,"href":"https:\/\/tjsokolchornice.cz\/index.php?rest_route=\/wp\/v2\/pages\/11\/revisions\/3083"}],"up":[{"embeddable":true,"href":"https:\/\/tjsokolchornice.cz\/index.php?rest_route=\/wp\/v2\/pages\/32"}],"wp:featuredmedia":[{"embeddable":true,"href":"https:\/\/tjsokolchornice.cz\/index.php?rest_route=\/wp\/v2\/media\/360"}],"wp:attachment":[{"href":"https:\/\/tjsokolchornice.cz\/index.php?rest_route=%2Fwp%2Fv2%2Fmedia&parent=11"}],"curies":[{"name":"wp","href":"https:\/\/api.w.org\/{rel}","templated":true}]}}