{"id":2658,"date":"2019-12-03T18:54:45","date_gmt":"2019-12-03T18:54:45","guid":{"rendered":"http:\/\/tjsokolchornice.cz\/?page_id=2658"},"modified":"2024-08-23T13:50:35","modified_gmt":"2024-08-23T13:50:35","slug":"podporuji-nas","status":"publish","type":"page","link":"http:\/\/tjsokolchornice.cz\/?page_id=2658","title":{"rendered":"Podporuj\u00ed n\u00e1s"},"content":{"rendered":"<p>TJ Sokol Chornice, z.s. je spolek, jeho\u017e \u010dinnost je podporov\u00e1na obc\u00ed Chornice.<\/p>\n<p><a href=\"https:\/\/www.obecchornice.cz\/\" rel=\"attachment wp-att-2667\"><img decoding=\"async\" loading=\"lazy\" class=\"alignnone size-full wp-image-2667\" src=\"http:\/\/tjsokolchornice.cz\/wp-content\/uploads\/2019\/12\/znak-chornice.jpg\" alt=\"\" width=\"126\" height=\"129\"><\/a><\/p>\n<p>&nbsp;<\/p>\n<p>D\u00e1le na\u0161i \u010dinnost podporuje Pardubick\u00fd kraj.<\/p>\n<p>Dotace v roce 2019: 15 000,-<\/p>\n<p>Dotace v roce 2020: 20 000,-<\/p>\n<p><a href=\"https:\/\/www.pardubickykraj.cz\/\" rel=\"attachment wp-att-2662\"><img decoding=\"async\" loading=\"lazy\" class=\"alignnone size-medium wp-image-2662\" src=\"http:\/\/tjsokolchornice.cz\/wp-content\/uploads\/2019\/12\/B1-Zakladni-Text-vpravo-radek-CMYK-vyrez-300x67.jpg\" alt=\"\" width=\"300\" height=\"67\" srcset=\"http:\/\/tjsokolchornice.cz\/wp-content\/uploads\/2019\/12\/B1-Zakladni-Text-vpravo-radek-CMYK-vyrez-300x67.jpg 300w, http:\/\/tjsokolchornice.cz\/wp-content\/uploads\/2019\/12\/B1-Zakladni-Text-vpravo-radek-CMYK-vyrez-768x170.jpg 768w, http:\/\/tjsokolchornice.cz\/wp-content\/uploads\/2019\/12\/B1-Zakladni-Text-vpravo-radek-CMYK-vyrez-1024x227.jpg 1024w\" sizes=\"(max-width: 300px) 100vw, 300px\" \/><\/a><\/p>\n<p>&nbsp;<\/p>\n<p>Ministerstvo \u0161kolstv\u00ed, ml\u00e1de\u017ee a t\u011blov\u00fdchovy<\/p>\n<p><a href=\"https:\/\/www.msmt.cz\/\"><img decoding=\"async\" loading=\"lazy\" class=\"n3VNCb alignleft\" src=\"https:\/\/www.msmt.cz\/uploads\/gallery\/full\/1498.jpg\" alt=\"M\u0160MT logo bez textu, M\u0160MT \u010cR\" width=\"219\" height=\"164\" data-noaft=\"1\"><\/a><a href=\"https:\/\/www.msmt.cz\/\"><img decoding=\"async\" loading=\"lazy\" class=\"n3VNCb alignnone\" src=\"https:\/\/www.msmt.cz\/uploads\/gallery\/detail\/8707.jpg\" alt=\"Logo M\u016eJ KLUB, M\u0160MT \u010cR\" width=\"193\" height=\"177\" data-noaft=\"1\"><\/a><\/p>\n<p>&nbsp;<\/p>\n<div class=\"elementor-column elementor-col-20 elementor-top-column elementor-element elementor-element-2498fad\" data-id=\"2498fad\" data-element_type=\"column\">\n<div class=\"elementor-widget-wrap elementor-element-populated\">\n<div class=\"elementor-element elementor-element-a33b2d8 elementor-widget elementor-widget-image\" data-id=\"a33b2d8\" data-element_type=\"widget\" data-widget_type=\"image.default\">\n<div class=\"elementor-widget-container\"><a role=\"link\" href=\"https:\/\/nsa.gov.cz\/\"><img decoding=\"async\" title=\"agentura_logo\" src=\"https:\/\/nsa.gov.cz\/wp-content\/uploads\/elementor\/thumbs\/agentura_logo-p8upty0pah8ikjv5vx5rcofm1tmv14o2tb8w7tfu9s.png\" alt=\"agentura_logo\"><\/a><\/div>\n<\/div>\n<\/div>\n<\/div>\n<div class=\"elementor-column elementor-col-20 elementor-top-column elementor-element elementor-element-7bd257e\" data-id=\"7bd257e\" data-element_type=\"column\">\n<div class=\"elementor-widget-wrap elementor-element-populated\">\n<div class=\"elementor-element elementor-element-af2284d hfe-nav-menu__align-right hfe-submenu-animation-slide_up hfe-submenu-icon-arrow hfe-link-redirect-child hfe-nav-menu__breakpoint-tablet elementor-widget elementor-widget-navigation-menu\" data-id=\"af2284d\" data-element_type=\"widget\" data-settings=\"{&quot;padding_horizontal_menu_item&quot;:{&quot;unit&quot;:&quot;px&quot;,&quot;size&quot;:8,&quot;sizes&quot;:[]},&quot;padding_horizontal_menu_item_tablet&quot;:{&quot;unit&quot;:&quot;px&quot;,&quot;size&quot;:&quot;&quot;,&quot;sizes&quot;:[]},&quot;padding_horizontal_menu_item_mobile&quot;:{&quot;unit&quot;:&quot;px&quot;,&quot;size&quot;:&quot;&quot;,&quot;sizes&quot;:[]},&quot;padding_vertical_menu_item&quot;:{&quot;unit&quot;:&quot;px&quot;,&quot;size&quot;:15,&quot;sizes&quot;:[]},&quot;padding_vertical_menu_item_tablet&quot;:{&quot;unit&quot;:&quot;px&quot;,&quot;size&quot;:&quot;&quot;,&quot;sizes&quot;:[]},&quot;padding_vertical_menu_item_mobile&quot;:{&quot;unit&quot;:&quot;px&quot;,&quot;size&quot;:&quot;&quot;,&quot;sizes&quot;:[]},&quot;menu_space_between&quot;:{&quot;unit&quot;:&quot;px&quot;,&quot;size&quot;:&quot;&quot;,&quot;sizes&quot;:[]},&quot;menu_space_between_tablet&quot;:{&quot;unit&quot;:&quot;px&quot;,&quot;size&quot;:&quot;&quot;,&quot;sizes&quot;:[]},&quot;menu_space_between_mobile&quot;:{&quot;unit&quot;:&quot;px&quot;,&quot;size&quot;:&quot;&quot;,&quot;sizes&quot;:[]},&quot;menu_row_space&quot;:{&quot;unit&quot;:&quot;px&quot;,&quot;size&quot;:&quot;&quot;,&quot;sizes&quot;:[]},&quot;menu_row_space_tablet&quot;:{&quot;unit&quot;:&quot;px&quot;,&quot;size&quot;:&quot;&quot;,&quot;sizes&quot;:[]},&quot;menu_row_space_mobile&quot;:{&quot;unit&quot;:&quot;px&quot;,&quot;size&quot;:&quot;&quot;,&quot;sizes&quot;:[]},&quot;dropdown_border_radius&quot;:{&quot;unit&quot;:&quot;px&quot;,&quot;top&quot;:&quot;&quot;,&quot;right&quot;:&quot;&quot;,&quot;bottom&quot;:&quot;&quot;,&quot;left&quot;:&quot;&quot;,&quot;isLinked&quot;:true},&quot;dropdown_border_radius_tablet&quot;:{&quot;unit&quot;:&quot;px&quot;,&quot;top&quot;:&quot;&quot;,&quot;right&quot;:&quot;&quot;,&quot;bottom&quot;:&quot;&quot;,&quot;left&quot;:&quot;&quot;,&quot;isLinked&quot;:true},&quot;dropdown_border_radius_mobile&quot;:{&quot;unit&quot;:&quot;px&quot;,&quot;top&quot;:&quot;&quot;,&quot;right&quot;:&quot;&quot;,&quot;bottom&quot;:&quot;&quot;,&quot;left&quot;:&quot;&quot;,&quot;isLinked&quot;:true},&quot;width_dropdown_item&quot;:{&quot;unit&quot;:&quot;px&quot;,&quot;size&quot;:&quot;220&quot;,&quot;sizes&quot;:[]},&quot;width_dropdown_item_tablet&quot;:{&quot;unit&quot;:&quot;px&quot;,&quot;size&quot;:&quot;&quot;,&quot;sizes&quot;:[]},&quot;width_dropdown_item_mobile&quot;:{&quot;unit&quot;:&quot;px&quot;,&quot;size&quot;:&quot;&quot;,&quot;sizes&quot;:[]},&quot;padding_horizontal_dropdown_item&quot;:{&quot;unit&quot;:&quot;px&quot;,&quot;size&quot;:&quot;&quot;,&quot;sizes&quot;:[]},&quot;padding_horizontal_dropdown_item_tablet&quot;:{&quot;unit&quot;:&quot;px&quot;,&quot;size&quot;:&quot;&quot;,&quot;sizes&quot;:[]},&quot;padding_horizontal_dropdown_item_mobile&quot;:{&quot;unit&quot;:&quot;px&quot;,&quot;size&quot;:&quot;&quot;,&quot;sizes&quot;:[]},&quot;padding_vertical_dropdown_item&quot;:{&quot;unit&quot;:&quot;px&quot;,&quot;size&quot;:15,&quot;sizes&quot;:[]},&quot;padding_vertical_dropdown_item_tablet&quot;:{&quot;unit&quot;:&quot;px&quot;,&quot;size&quot;:&quot;&quot;,&quot;sizes&quot;:[]},&quot;padding_vertical_dropdown_item_mobile&quot;:{&quot;unit&quot;:&quot;px&quot;,&quot;size&quot;:&quot;&quot;,&quot;sizes&quot;:[]},&quot;distance_from_menu&quot;:{&quot;unit&quot;:&quot;px&quot;,&quot;size&quot;:&quot;&quot;,&quot;sizes&quot;:[]},&quot;distance_from_menu_tablet&quot;:{&quot;unit&quot;:&quot;px&quot;,&quot;size&quot;:&quot;&quot;,&quot;sizes&quot;:[]},&quot;distance_from_menu_mobile&quot;:{&quot;unit&quot;:&quot;px&quot;,&quot;size&quot;:&quot;&quot;,&quot;sizes&quot;:[]},&quot;toggle_size&quot;:{&quot;unit&quot;:&quot;px&quot;,&quot;size&quot;:&quot;&quot;,&quot;sizes&quot;:[]},&quot;toggle_size_tablet&quot;:{&quot;unit&quot;:&quot;px&quot;,&quot;size&quot;:&quot;&quot;,&quot;sizes&quot;:[]},&quot;toggle_size_mobile&quot;:{&quot;unit&quot;:&quot;px&quot;,&quot;size&quot;:&quot;&quot;,&quot;sizes&quot;:[]},&quot;toggle_border_width&quot;:{&quot;unit&quot;:&quot;px&quot;,&quot;size&quot;:&quot;&quot;,&quot;sizes&quot;:[]},&quot;toggle_border_width_tablet&quot;:{&quot;unit&quot;:&quot;px&quot;,&quot;size&quot;:&quot;&quot;,&quot;sizes&quot;:[]},&quot;toggle_border_width_mobile&quot;:{&quot;unit&quot;:&quot;px&quot;,&quot;size&quot;:&quot;&quot;,&quot;sizes&quot;:[]},&quot;toggle_border_radius&quot;:{&quot;unit&quot;:&quot;px&quot;,&quot;size&quot;:&quot;&quot;,&quot;sizes&quot;:[]},&quot;toggle_border_radius_tablet&quot;:{&quot;unit&quot;:&quot;px&quot;,&quot;size&quot;:&quot;&quot;,&quot;sizes&quot;:[]},&quot;toggle_border_radius_mobile&quot;:{&quot;unit&quot;:&quot;px&quot;,&quot;size&quot;:&quot;&quot;,&quot;sizes&quot;:[]}}\" data-widget_type=\"navigation-menu.default\">\n<div class=\"elementor-widget-container\">\n<div class=\"hfe-nav-menu hfe-layout-horizontal hfe-nav-menu-layout horizontal hfe-pointer__underline hfe-animation__fade\" data-layout=\"horizontal\">\n<nav class=\"hfe-nav-menu__layout-horizontal hfe-nav-menu__submenu-arrow\" style=\"display: flex; font-size: 0px; box-sizing: border-box;\" data-toggle-icon=\"<i aria-hidden=&quot;true&quot; tabindex=&quot;0&quot; class=&quot;fas fa-align-justify&quot;><\/i>&#8220; data-close-icon=&#8220;<i aria-hidden=&quot;true&quot; tabindex=&quot;0&quot; class=&quot;far fa-window-close&quot;><\/i>&#8220; data-full-width=&#8220;yes&#8220;><\/p>\n<ul id=\"menu-1-af2284d\" class=\"hfe-nav-menu\">\n<li id=\"menu-item-12155\" class=\"menu-item menu-item-type-custom menu-item-object-custom menu-item-has-children menu-parent-item parent hfe-has-submenu hfe-creative-menu parent-has-child\">\n<div class=\"hfe-has-submenu-container\">&nbsp;<\/div>\n<\/li>\n<\/ul>\n<\/nav>\n<\/div>\n<\/div>\n<\/div>\n<\/div>\n<\/div>\n<p>&nbsp;<\/p>\n","protected":false},"excerpt":{"rendered":"<p>TJ Sokol Chornice, z.s. je spolek, jeho\u017e \u010dinnost je podporov\u00e1na obc\u00ed Chornice. &nbsp; D\u00e1le na\u0161i \u010dinnost podporuje Pardubick\u00fd kraj. Dotace v roce 2019: 15 000,- Dotace v roce 2020: 20 000,- &nbsp; Ministerstvo \u0161kolstv\u00ed, ml\u00e1de\u017ee a t\u011blov\u00fdchovy &nbsp;<\/p>\n","protected":false},"author":1,"featured_media":0,"parent":0,"menu_order":0,"comment_status":"closed","ping_status":"closed","template":"","meta":{"ngg_post_thumbnail":0},"_links":{"self":[{"href":"http:\/\/tjsokolchornice.cz\/index.php?rest_route=\/wp\/v2\/pages\/2658"}],"collection":[{"href":"http:\/\/tjsokolchornice.cz\/index.php?rest_route=\/wp\/v2\/pages"}],"about":[{"href":"http:\/\/tjsokolchornice.cz\/index.php?rest_route=\/wp\/v2\/types\/page"}],"author":[{"embeddable":true,"href":"http:\/\/tjsokolchornice.cz\/index.php?rest_route=\/wp\/v2\/users\/1"}],"replies":[{"embeddable":true,"href":"http:\/\/tjsokolchornice.cz\/index.php?rest_route=%2Fwp%2Fv2%2Fcomments&post=2658"}],"version-history":[{"count":15,"href":"http:\/\/tjsokolchornice.cz\/index.php?rest_route=\/wp\/v2\/pages\/2658\/revisions"}],"predecessor-version":[{"id":3097,"href":"http:\/\/tjsokolchornice.cz\/index.php?rest_route=\/wp\/v2\/pages\/2658\/revisions\/3097"}],"wp:attachment":[{"href":"http:\/\/tjsokolchornice.cz\/index.php?rest_route=%2Fwp%2Fv2%2Fmedia&parent=2658"}],"curies":[{"name":"wp","href":"https:\/\/api.w.org\/{rel}","templated":true}]}}