{"id":2414,"date":"2018-08-14T11:28:47","date_gmt":"2018-08-14T11:28:47","guid":{"rendered":"http:\/\/tjsokolchornice.cz\/?page_id=2414"},"modified":"2018-10-09T11:08:33","modified_gmt":"2018-10-09T11:08:33","slug":"charitativni-sbirka-pro-elisku","status":"publish","type":"page","link":"http:\/\/tjsokolchornice.cz\/?page_id=2414","title":{"rendered":"Charitativn\u00ed sb\u00edrka pro Eli\u0161ku"},"content":{"rendered":"<p>TJ Sokol Chornice, z.s. ve spolupr\u00e1ci s SDH Chornice, MS Jezevec Chornice a s ryb\u00e1\u0159i z Chornic 28. 9. 2018 uspo\u0159\u00e1dali akci na podporu dvan\u00e1ctilet\u00e9 Eli\u0161ky Trma\u010dov\u00e9 posti\u017een\u00e9 d\u011btskou mozkovou obrnou.<\/p>\n<p>V\u00edce o Eli\u0161ce si m\u016f\u017eete p\u0159e\u010d\u00edst <a href=\"http:\/\/tjsokolchornice.cz\/wp-content\/uploads\/2018\/08\/\u017eivotn\u00ed-p\u0159\u00edb\u011bh-Eli\u0161ky.pdf\">zde.<\/a><\/p>\n<p>Seznam cen a sponzor\u016f naleznete <a href=\"http:\/\/tjsokolchornice.cz\/wp-content\/uploads\/2018\/10\/seznam-cen-a-sponzor\u016f.pdf\">zde.<\/a><\/p>\n","protected":false},"excerpt":{"rendered":"<p>TJ Sokol Chornice, z.s. ve spolupr\u00e1ci s SDH Chornice, MS Jezevec Chornice a s ryb\u00e1\u0159i z Chornic 28. 9. 2018 uspo\u0159\u00e1dali akci na podporu dvan\u00e1ctilet\u00e9 Eli\u0161ky Trma\u010dov\u00e9 posti\u017een\u00e9 d\u011btskou mozkovou obrnou. V\u00edce o Eli\u0161ce si m\u016f\u017eete p\u0159e\u010d\u00edst zde. Seznam cen a sponzor\u016f naleznete zde.<\/p>\n","protected":false},"author":1,"featured_media":0,"parent":212,"menu_order":0,"comment_status":"closed","ping_status":"closed","template":"","meta":{"ngg_post_thumbnail":0},"_links":{"self":[{"href":"http:\/\/tjsokolchornice.cz\/index.php?rest_route=\/wp\/v2\/pages\/2414"}],"collection":[{"href":"http:\/\/tjsokolchornice.cz\/index.php?rest_route=\/wp\/v2\/pages"}],"about":[{"href":"http:\/\/tjsokolchornice.cz\/index.php?rest_route=\/wp\/v2\/types\/page"}],"author":[{"embeddable":true,"href":"http:\/\/tjsokolchornice.cz\/index.php?rest_route=\/wp\/v2\/users\/1"}],"replies":[{"embeddable":true,"href":"http:\/\/tjsokolchornice.cz\/index.php?rest_route=%2Fwp%2Fv2%2Fcomments&post=2414"}],"version-history":[{"count":5,"href":"http:\/\/tjsokolchornice.cz\/index.php?rest_route=\/wp\/v2\/pages\/2414\/revisions"}],"predecessor-version":[{"id":2444,"href":"http:\/\/tjsokolchornice.cz\/index.php?rest_route=\/wp\/v2\/pages\/2414\/revisions\/2444"}],"up":[{"embeddable":true,"href":"http:\/\/tjsokolchornice.cz\/index.php?rest_route=\/wp\/v2\/pages\/212"}],"wp:attachment":[{"href":"http:\/\/tjsokolchornice.cz\/index.php?rest_route=%2Fwp%2Fv2%2Fmedia&parent=2414"}],"curies":[{"name":"wp","href":"https:\/\/api.w.org\/{rel}","templated":true}]}}