{"id":2343,"date":"2018-01-30T13:46:12","date_gmt":"2018-01-30T13:46:12","guid":{"rendered":"http:\/\/tjsokolchornice.cz\/?page_id=2343"},"modified":"2024-03-23T13:55:12","modified_gmt":"2024-03-23T13:55:12","slug":"prihlasky","status":"publish","type":"page","link":"http:\/\/tjsokolchornice.cz\/?page_id=2343","title":{"rendered":"\u010clenstv\u00ed"},"content":{"rendered":"<p><strong>V p\u0159\u00edpad\u011b, \u017ee m\u00e1te z\u00e1jem st\u00e1t se \u010dlenem TJ Sokol Chornice, z.s., m\u00e1te na v\u00fdb\u011br ze dvou variant:<\/strong><\/p>\n<ol>\n<li>m\u016f\u017eete nav\u0161t\u011bvovat jak\u00fdkoliv krou\u017eek, kter\u00fd je veden pod TJ Sokol Chornice, z.s.<\/li>\n<li>m\u016f\u017eete b\u00fdt pouze \u010dlenem, kter\u00fd se aktivn\u011b pod\u00edl\u00ed na akc\u00edch pro \u0161irokou ve\u0159ejnost, pom\u00e1h\u00e1 s organizac\u00ed,&#8230;<\/li>\n<\/ol>\n<p>Pak sta\u010d\u00ed, abyste vyplnili <a href=\"http:\/\/tjsokolchornice.cz\/wp-content\/uploads\/2018\/09\/p\u0159ihl\u00e1\u0161ka-do-TJ-Sokol-Chornice-z.s..pdf\">p\u0159ihl\u00e1\u0161ku,<\/a> <a href=\"http:\/\/tjsokolchornice.cz\/wp-content\/uploads\/2018\/09\/informovan\u00fd-souhlas.pdf\">informovan\u00fd souhlas<\/a> a <a href=\"http:\/\/tjsokolchornice.cz\/wp-content\/uploads\/2019\/01\/prohl\u00e1\u0161en\u00ed-o-zdravotn\u00edm-stavu.pdf\">prohl\u00e1\u0161en\u00ed o zdravotn\u00edm stavu<\/a>&nbsp; (prohl\u00e1\u0161en\u00ed o zdravotn\u00edm stavu vypl\u0148te jen v p\u0159\u00edpad\u011b, \u017ee se zapoj\u00edte do n\u011bkter\u00e9ho krou\u017eku). N\u00e1sledn\u011b odevzdejte p\u0159edsekdyni spolku.&nbsp;<\/p>\n<p>Podm\u00ednkou \u010dlenstv\u00ed je tak\u00e9 \u00fahrada \u010dlensk\u00e9ho p\u0159\u00edsp\u011bvku, jeho\u017e v\u00fd\u0161e je \u010dlenskou z\u00e1kladnou stanovena takto:<\/p>\n<p>pro d\u011bti a dorost do 18 let <strong>150,- za rok<\/strong><\/p>\n<p>pro dosp\u011bl\u00e9 3<strong>00,- za rok<\/strong><\/p>\n<p>&nbsp;<\/p>\n","protected":false},"excerpt":{"rendered":"<p>V p\u0159\u00edpad\u011b, \u017ee m\u00e1te z\u00e1jem st\u00e1t se \u010dlenem TJ Sokol Chornice, z.s., m\u00e1te na v\u00fdb\u011br ze dvou variant: m\u016f\u017eete nav\u0161t\u011bvovat jak\u00fdkoliv krou\u017eek, kter\u00fd je veden pod TJ Sokol Chornice, z.s. m\u016f\u017eete b\u00fdt pouze \u010dlenem, kter\u00fd se aktivn\u011b pod\u00edl\u00ed na akc\u00edch pro \u0161irokou ve\u0159ejnost, pom\u00e1h\u00e1 s organizac\u00ed,&#8230; Pak sta\u010d\u00ed, abyste vyplnili p\u0159ihl\u00e1\u0161ku, informovan\u00fd souhlas a prohl\u00e1\u0161en\u00ed &hellip; <a href=\"http:\/\/tjsokolchornice.cz\/?page_id=2343\">Continue reading <span class=\"meta-nav\">&rarr;<\/span><\/a><\/p>\n","protected":false},"author":1,"featured_media":0,"parent":0,"menu_order":0,"comment_status":"closed","ping_status":"closed","template":"","meta":{"ngg_post_thumbnail":0},"_links":{"self":[{"href":"http:\/\/tjsokolchornice.cz\/index.php?rest_route=\/wp\/v2\/pages\/2343"}],"collection":[{"href":"http:\/\/tjsokolchornice.cz\/index.php?rest_route=\/wp\/v2\/pages"}],"about":[{"href":"http:\/\/tjsokolchornice.cz\/index.php?rest_route=\/wp\/v2\/types\/page"}],"author":[{"embeddable":true,"href":"http:\/\/tjsokolchornice.cz\/index.php?rest_route=\/wp\/v2\/users\/1"}],"replies":[{"embeddable":true,"href":"http:\/\/tjsokolchornice.cz\/index.php?rest_route=%2Fwp%2Fv2%2Fcomments&post=2343"}],"version-history":[{"count":11,"href":"http:\/\/tjsokolchornice.cz\/index.php?rest_route=\/wp\/v2\/pages\/2343\/revisions"}],"predecessor-version":[{"id":3076,"href":"http:\/\/tjsokolchornice.cz\/index.php?rest_route=\/wp\/v2\/pages\/2343\/revisions\/3076"}],"wp:attachment":[{"href":"http:\/\/tjsokolchornice.cz\/index.php?rest_route=%2Fwp%2Fv2%2Fmedia&parent=2343"}],"curies":[{"name":"wp","href":"https:\/\/api.w.org\/{rel}","templated":true}]}}