{"id":216,"date":"2013-12-01T18:23:25","date_gmt":"2013-12-01T18:23:25","guid":{"rendered":"http:\/\/tjsokolchornice.cz\/?page_id=216"},"modified":"2018-01-21T14:47:47","modified_gmt":"2018-01-21T14:47:47","slug":"sbirka-pro-os-toulave-tlapky","status":"publish","type":"page","link":"http:\/\/tjsokolchornice.cz\/?page_id=216","title":{"rendered":"Sb\u00edrka pro OS Toulav\u00e9 tlapky"},"content":{"rendered":"<p>Ve dnech 5. &#8211; 19. \u0159\u00edjna 2013 uspo\u0159\u00e1dal TJ Sokol Chornice sb\u00edrku pro Ob\u010dansk\u00e9 sdru\u017een\u00ed Toulav\u00e9 Tlapky, kter\u00e9 se star\u00e1 o opu\u0161t\u011bn\u00e9 psy.<\/p>\n<p>Velk\u00e9 pod\u011bkov\u00e1n\u00ed pat\u0159\u00ed TJ Sokolu, MS Jezevec, M\u0160 Chornice, Veterin\u00e1rn\u00ed ambulanci Evy Kou\u0159ilov\u00e9 z&nbsp;Jev\u00ed\u010dka, ob\u010dan\u016fm Jev\u00ed\u010dka, Velk\u00fdch Opatovic a Vr\u00e1\u017en\u00e9ho. D\u00edky t\u011bmto lidem a organizac\u00edm se n\u00e1m poda\u0159ilo nasb\u00edrat pln\u00e9 auto pot\u0159ebn\u00fdch v\u011bc\u00ed.<\/p>\n<p><strong>&nbsp;<\/strong><\/p>\n","protected":false},"excerpt":{"rendered":"<p>Ve dnech 5. &#8211; 19. \u0159\u00edjna 2013 uspo\u0159\u00e1dal TJ Sokol Chornice sb\u00edrku pro Ob\u010dansk\u00e9 sdru\u017een\u00ed Toulav\u00e9 Tlapky, kter\u00e9 se star\u00e1 o opu\u0161t\u011bn\u00e9 psy. Velk\u00e9 pod\u011bkov\u00e1n\u00ed pat\u0159\u00ed TJ Sokolu, MS Jezevec, M\u0160 Chornice, Veterin\u00e1rn\u00ed ambulanci Evy Kou\u0159ilov\u00e9 z&nbsp;Jev\u00ed\u010dka, ob\u010dan\u016fm Jev\u00ed\u010dka, Velk\u00fdch Opatovic a Vr\u00e1\u017en\u00e9ho. D\u00edky t\u011bmto lidem a organizac\u00edm se n\u00e1m poda\u0159ilo nasb\u00edrat pln\u00e9 auto pot\u0159ebn\u00fdch &hellip; <a href=\"http:\/\/tjsokolchornice.cz\/?page_id=216\">Continue reading <span class=\"meta-nav\">&rarr;<\/span><\/a><\/p>\n","protected":false},"author":1,"featured_media":0,"parent":212,"menu_order":0,"comment_status":"closed","ping_status":"closed","template":"","meta":{"ngg_post_thumbnail":0},"_links":{"self":[{"href":"http:\/\/tjsokolchornice.cz\/index.php?rest_route=\/wp\/v2\/pages\/216"}],"collection":[{"href":"http:\/\/tjsokolchornice.cz\/index.php?rest_route=\/wp\/v2\/pages"}],"about":[{"href":"http:\/\/tjsokolchornice.cz\/index.php?rest_route=\/wp\/v2\/types\/page"}],"author":[{"embeddable":true,"href":"http:\/\/tjsokolchornice.cz\/index.php?rest_route=\/wp\/v2\/users\/1"}],"replies":[{"embeddable":true,"href":"http:\/\/tjsokolchornice.cz\/index.php?rest_route=%2Fwp%2Fv2%2Fcomments&post=216"}],"version-history":[{"count":8,"href":"http:\/\/tjsokolchornice.cz\/index.php?rest_route=\/wp\/v2\/pages\/216\/revisions"}],"predecessor-version":[{"id":1910,"href":"http:\/\/tjsokolchornice.cz\/index.php?rest_route=\/wp\/v2\/pages\/216\/revisions\/1910"}],"up":[{"embeddable":true,"href":"http:\/\/tjsokolchornice.cz\/index.php?rest_route=\/wp\/v2\/pages\/212"}],"wp:attachment":[{"href":"http:\/\/tjsokolchornice.cz\/index.php?rest_route=%2Fwp%2Fv2%2Fmedia&parent=216"}],"curies":[{"name":"wp","href":"https:\/\/api.w.org\/{rel}","templated":true}]}}