{"id":123,"date":"2013-05-12T21:01:06","date_gmt":"2013-05-12T21:01:06","guid":{"rendered":"http:\/\/tjsokolchornice.cz\/?page_id=123"},"modified":"2018-01-21T15:12:40","modified_gmt":"2018-01-21T15:12:40","slug":"foto-z-nasich-akci","status":"publish","type":"page","link":"http:\/\/tjsokolchornice.cz\/?page_id=123","title":{"rendered":"Chornick\u00fd vandr 2013"},"content":{"rendered":"<!-- index.php -->\n<div\n\tclass=\"ngg-galleryoverview ngg-ajax-pagination-none\"\n\tid=\"ngg-gallery-c2dbf3d344f6dddd2a8a5c4bfc30076e-1\">\n\n    \t<div class=\"slideshowlink\">\n        <a href='http:\/\/tjsokolchornice.cz\/index.php\/nggallery\/slideshow?page_id=123'>[Show as slideshow]<\/a>\n\t\t\n\t<\/div>\n\t\t\t<!-- Thumbnails -->\n\t\t\t\t<div id=\"ngg-image-0\" class=\"ngg-gallery-thumbnail-box\" >\n\t\t\t\t        <div class=\"ngg-gallery-thumbnail\">\n            <a href=\"http:\/\/tjsokolchornice.cz\/wp-content\/gallery\/i-rocnik-chornicky-vandr\/dscn3619.jpg\"\n               title=\"Z\u00e1pis \u00fa\u010dastn\u00edk\u016f\"\n               data-src=\"http:\/\/tjsokolchornice.cz\/wp-content\/gallery\/i-rocnik-chornicky-vandr\/dscn3619.jpg\"\n               data-thumbnail=\"http:\/\/tjsokolchornice.cz\/wp-content\/gallery\/i-rocnik-chornicky-vandr\/thumbs\/thumbs_dscn3619.jpg\"\n               data-image-id=\"1\"\n               data-title=\"Z\u00e1pis \u00fa\u010dastn\u00edk\u016f\"\n               data-description=\"Z\u00e1pis \u00fa\u010dastn\u00edk\u016f\"\n               data-image-slug=\"zapis-ucastniku\"\n               class=\"ngg-fancybox\" rel=\"c2dbf3d344f6dddd2a8a5c4bfc30076e\">\n                <img\n                    title=\"Z\u00e1pis \u00fa\u010dastn\u00edk\u016f\"\n                    alt=\"Z\u00e1pis \u00fa\u010dastn\u00edk\u016f\"\n                    src=\"http:\/\/tjsokolchornice.cz\/wp-content\/gallery\/i-rocnik-chornicky-vandr\/thumbs\/thumbs_dscn3619.jpg\"\n                    width=\"100\"\n                    height=\"75\"\n                    style=\"max-width:100%;\"\n                \/>\n            <\/a>\n        <\/div>\n\t\t\t\t\t\t\t<\/div> \n\t\t\t\n        \n\t\t\t\t<div id=\"ngg-image-1\" class=\"ngg-gallery-thumbnail-box\" >\n\t\t\t\t        <div class=\"ngg-gallery-thumbnail\">\n            <a href=\"http:\/\/tjsokolchornice.cz\/wp-content\/gallery\/i-rocnik-chornicky-vandr\/dscn3646.jpg\"\n               title=\"Z\u00e1pis \u00fa\u010dastn\u00edk\u016f\"\n               data-src=\"http:\/\/tjsokolchornice.cz\/wp-content\/gallery\/i-rocnik-chornicky-vandr\/dscn3646.jpg\"\n               data-thumbnail=\"http:\/\/tjsokolchornice.cz\/wp-content\/gallery\/i-rocnik-chornicky-vandr\/thumbs\/thumbs_dscn3646.jpg\"\n               data-image-id=\"10\"\n               data-title=\"dscn3646\"\n               data-description=\"Z\u00e1pis \u00fa\u010dastn\u00edk\u016f\"\n               data-image-slug=\"dscn3646\"\n               class=\"ngg-fancybox\" rel=\"c2dbf3d344f6dddd2a8a5c4bfc30076e\">\n                <img\n                    title=\"dscn3646\"\n                    alt=\"dscn3646\"\n                    src=\"http:\/\/tjsokolchornice.cz\/wp-content\/gallery\/i-rocnik-chornicky-vandr\/thumbs\/thumbs_dscn3646.jpg\"\n                    width=\"100\"\n                    height=\"75\"\n                    style=\"max-width:100%;\"\n                \/>\n            <\/a>\n        <\/div>\n\t\t\t\t\t\t\t<\/div> \n\t\t\t\n        \n\t\t\t\t<div id=\"ngg-image-2\" class=\"ngg-gallery-thumbnail-box\" >\n\t\t\t\t        <div class=\"ngg-gallery-thumbnail\">\n            <a href=\"http:\/\/tjsokolchornice.cz\/wp-content\/gallery\/i-rocnik-chornicky-vandr\/dscn3626.jpg\"\n               title=\"\"\n               data-src=\"http:\/\/tjsokolchornice.cz\/wp-content\/gallery\/i-rocnik-chornicky-vandr\/dscn3626.jpg\"\n               data-thumbnail=\"http:\/\/tjsokolchornice.cz\/wp-content\/gallery\/i-rocnik-chornicky-vandr\/thumbs\/thumbs_dscn3626.jpg\"\n               data-image-id=\"2\"\n               data-title=\"Z\u00e1pis \u00fa\u010dastn\u00edk\u016f\"\n               data-description=\"\"\n               data-image-slug=\"zapis-ucastniku-2\"\n               class=\"ngg-fancybox\" rel=\"c2dbf3d344f6dddd2a8a5c4bfc30076e\">\n                <img\n                    title=\"Z\u00e1pis \u00fa\u010dastn\u00edk\u016f\"\n                    alt=\"Z\u00e1pis \u00fa\u010dastn\u00edk\u016f\"\n                    src=\"http:\/\/tjsokolchornice.cz\/wp-content\/gallery\/i-rocnik-chornicky-vandr\/thumbs\/thumbs_dscn3626.jpg\"\n                    width=\"100\"\n                    height=\"75\"\n                    style=\"max-width:100%;\"\n                \/>\n            <\/a>\n        <\/div>\n\t\t\t\t\t\t\t<\/div> \n\t\t\t\n        \n\t\t\t\t<div id=\"ngg-image-3\" class=\"ngg-gallery-thumbnail-box\" >\n\t\t\t\t        <div class=\"ngg-gallery-thumbnail\">\n            <a href=\"http:\/\/tjsokolchornice.cz\/wp-content\/gallery\/i-rocnik-chornicky-vandr\/dscn3631.jpg\"\n               title=\"Z\u00e1pis \u00fa\u010dastn\u00edk\u016f\"\n               data-src=\"http:\/\/tjsokolchornice.cz\/wp-content\/gallery\/i-rocnik-chornicky-vandr\/dscn3631.jpg\"\n               data-thumbnail=\"http:\/\/tjsokolchornice.cz\/wp-content\/gallery\/i-rocnik-chornicky-vandr\/thumbs\/thumbs_dscn3631.jpg\"\n               data-image-id=\"3\"\n               data-title=\"Z\u00e1pis \u00fa\u010dastn\u00edk\u016f\"\n               data-description=\"Z\u00e1pis \u00fa\u010dastn\u00edk\u016f\"\n               data-image-slug=\"zapis-ucastniku-3\"\n               class=\"ngg-fancybox\" rel=\"c2dbf3d344f6dddd2a8a5c4bfc30076e\">\n                <img\n                    title=\"Z\u00e1pis \u00fa\u010dastn\u00edk\u016f\"\n                    alt=\"Z\u00e1pis \u00fa\u010dastn\u00edk\u016f\"\n                    src=\"http:\/\/tjsokolchornice.cz\/wp-content\/gallery\/i-rocnik-chornicky-vandr\/thumbs\/thumbs_dscn3631.jpg\"\n                    width=\"100\"\n                    height=\"75\"\n                    style=\"max-width:100%;\"\n                \/>\n            <\/a>\n        <\/div>\n\t\t\t\t\t\t\t<\/div> \n\t\t\t\n        \n\t\t\t\t<div id=\"ngg-image-4\" class=\"ngg-gallery-thumbnail-box\" >\n\t\t\t\t        <div class=\"ngg-gallery-thumbnail\">\n            <a href=\"http:\/\/tjsokolchornice.cz\/wp-content\/gallery\/i-rocnik-chornicky-vandr\/dscn3651.jpg\"\n               title=\"Foto z pochodu\"\n               data-src=\"http:\/\/tjsokolchornice.cz\/wp-content\/gallery\/i-rocnik-chornicky-vandr\/dscn3651.jpg\"\n               data-thumbnail=\"http:\/\/tjsokolchornice.cz\/wp-content\/gallery\/i-rocnik-chornicky-vandr\/thumbs\/thumbs_dscn3651.jpg\"\n               data-image-id=\"4\"\n               data-title=\"Foto z pochodu\"\n               data-description=\"Foto z pochodu\"\n               data-image-slug=\"foto-z-pochodu\"\n               class=\"ngg-fancybox\" rel=\"c2dbf3d344f6dddd2a8a5c4bfc30076e\">\n                <img\n                    title=\"Foto z pochodu\"\n                    alt=\"Foto z pochodu\"\n                    src=\"http:\/\/tjsokolchornice.cz\/wp-content\/gallery\/i-rocnik-chornicky-vandr\/thumbs\/thumbs_dscn3651.jpg\"\n                    width=\"100\"\n                    height=\"75\"\n                    style=\"max-width:100%;\"\n                \/>\n            <\/a>\n        <\/div>\n\t\t\t\t\t\t\t<\/div> \n\t\t\t\n        \n\t\t\t\t<div id=\"ngg-image-5\" class=\"ngg-gallery-thumbnail-box\" >\n\t\t\t\t        <div class=\"ngg-gallery-thumbnail\">\n            <a href=\"http:\/\/tjsokolchornice.cz\/wp-content\/gallery\/i-rocnik-chornicky-vandr\/dscn3661.jpg\"\n               title=\"Pohled na krajinu\"\n               data-src=\"http:\/\/tjsokolchornice.cz\/wp-content\/gallery\/i-rocnik-chornicky-vandr\/dscn3661.jpg\"\n               data-thumbnail=\"http:\/\/tjsokolchornice.cz\/wp-content\/gallery\/i-rocnik-chornicky-vandr\/thumbs\/thumbs_dscn3661.jpg\"\n               data-image-id=\"5\"\n               data-title=\"Pohled na krajinu\"\n               data-description=\"Pohled na krajinu\"\n               data-image-slug=\"pohled-na-krajinu\"\n               class=\"ngg-fancybox\" rel=\"c2dbf3d344f6dddd2a8a5c4bfc30076e\">\n                <img\n                    title=\"Pohled na krajinu\"\n                    alt=\"Pohled na krajinu\"\n                    src=\"http:\/\/tjsokolchornice.cz\/wp-content\/gallery\/i-rocnik-chornicky-vandr\/thumbs\/thumbs_dscn3661.jpg\"\n                    width=\"100\"\n                    height=\"75\"\n                    style=\"max-width:100%;\"\n                \/>\n            <\/a>\n        <\/div>\n\t\t\t\t\t\t\t<\/div> \n\t\t\t\n        \n\t\t\t\t<div id=\"ngg-image-6\" class=\"ngg-gallery-thumbnail-box\" >\n\t\t\t\t        <div class=\"ngg-gallery-thumbnail\">\n            <a href=\"http:\/\/tjsokolchornice.cz\/wp-content\/gallery\/i-rocnik-chornicky-vandr\/dscn3670.jpg\"\n               title=\"Nejmen\u0161\u00ed turista\"\n               data-src=\"http:\/\/tjsokolchornice.cz\/wp-content\/gallery\/i-rocnik-chornicky-vandr\/dscn3670.jpg\"\n               data-thumbnail=\"http:\/\/tjsokolchornice.cz\/wp-content\/gallery\/i-rocnik-chornicky-vandr\/thumbs\/thumbs_dscn3670.jpg\"\n               data-image-id=\"6\"\n               data-title=\"Nejmen\u0161\u00ed turista\"\n               data-description=\"Nejmen\u0161\u00ed turista\"\n               data-image-slug=\"nejmensi-turista\"\n               class=\"ngg-fancybox\" rel=\"c2dbf3d344f6dddd2a8a5c4bfc30076e\">\n                <img\n                    title=\"Nejmen\u0161\u00ed turista\"\n                    alt=\"Nejmen\u0161\u00ed turista\"\n                    src=\"http:\/\/tjsokolchornice.cz\/wp-content\/gallery\/i-rocnik-chornicky-vandr\/thumbs\/thumbs_dscn3670.jpg\"\n                    width=\"100\"\n                    height=\"75\"\n                    style=\"max-width:100%;\"\n                \/>\n            <\/a>\n        <\/div>\n\t\t\t\t\t\t\t<\/div> \n\t\t\t\n        \n\t\t\t\t<div id=\"ngg-image-7\" class=\"ngg-gallery-thumbnail-box\" >\n\t\t\t\t        <div class=\"ngg-gallery-thumbnail\">\n            <a href=\"http:\/\/tjsokolchornice.cz\/wp-content\/gallery\/i-rocnik-chornicky-vandr\/dscn3702.jpg\"\n               title=\"Ob\u010derstven\u00ed pod Hu\u0161\u00e1kem\"\n               data-src=\"http:\/\/tjsokolchornice.cz\/wp-content\/gallery\/i-rocnik-chornicky-vandr\/dscn3702.jpg\"\n               data-thumbnail=\"http:\/\/tjsokolchornice.cz\/wp-content\/gallery\/i-rocnik-chornicky-vandr\/thumbs\/thumbs_dscn3702.jpg\"\n               data-image-id=\"7\"\n               data-title=\"Ob\u010derstven\u00ed pod Hu\u0161\u00e1kem\"\n               data-description=\"Ob\u010derstven\u00ed pod Hu\u0161\u00e1kem\"\n               data-image-slug=\"obcerstveni-pod-husakem\"\n               class=\"ngg-fancybox\" rel=\"c2dbf3d344f6dddd2a8a5c4bfc30076e\">\n                <img\n                    title=\"Ob\u010derstven\u00ed pod Hu\u0161\u00e1kem\"\n                    alt=\"Ob\u010derstven\u00ed pod Hu\u0161\u00e1kem\"\n                    src=\"http:\/\/tjsokolchornice.cz\/wp-content\/gallery\/i-rocnik-chornicky-vandr\/thumbs\/thumbs_dscn3702.jpg\"\n                    width=\"100\"\n                    height=\"75\"\n                    style=\"max-width:100%;\"\n                \/>\n            <\/a>\n        <\/div>\n\t\t\t\t\t\t\t<\/div> \n\t\t\t\n        \n\t\t\t\t<div id=\"ngg-image-8\" class=\"ngg-gallery-thumbnail-box\" >\n\t\t\t\t        <div class=\"ngg-gallery-thumbnail\">\n            <a href=\"http:\/\/tjsokolchornice.cz\/wp-content\/gallery\/i-rocnik-chornicky-vandr\/dscn3705.jpg\"\n               title=\"Ob\u010derstven\u00ed pod Hu\u0161\u00e1kem\"\n               data-src=\"http:\/\/tjsokolchornice.cz\/wp-content\/gallery\/i-rocnik-chornicky-vandr\/dscn3705.jpg\"\n               data-thumbnail=\"http:\/\/tjsokolchornice.cz\/wp-content\/gallery\/i-rocnik-chornicky-vandr\/thumbs\/thumbs_dscn3705.jpg\"\n               data-image-id=\"8\"\n               data-title=\"dscn3705\"\n               data-description=\"Ob\u010derstven\u00ed pod Hu\u0161\u00e1kem\"\n               data-image-slug=\"dscn3705\"\n               class=\"ngg-fancybox\" rel=\"c2dbf3d344f6dddd2a8a5c4bfc30076e\">\n                <img\n                    title=\"dscn3705\"\n                    alt=\"dscn3705\"\n                    src=\"http:\/\/tjsokolchornice.cz\/wp-content\/gallery\/i-rocnik-chornicky-vandr\/thumbs\/thumbs_dscn3705.jpg\"\n                    width=\"100\"\n                    height=\"75\"\n                    style=\"max-width:100%;\"\n                \/>\n            <\/a>\n        <\/div>\n\t\t\t\t\t\t\t<\/div> \n\t\t\t\n        \n\t\t\t\t<div id=\"ngg-image-9\" class=\"ngg-gallery-thumbnail-box\" >\n\t\t\t\t        <div class=\"ngg-gallery-thumbnail\">\n            <a href=\"http:\/\/tjsokolchornice.cz\/wp-content\/gallery\/i-rocnik-chornicky-vandr\/dscn3704.jpg\"\n               title=\"Op\u00e9ka\u010dka\"\n               data-src=\"http:\/\/tjsokolchornice.cz\/wp-content\/gallery\/i-rocnik-chornicky-vandr\/dscn3704.jpg\"\n               data-thumbnail=\"http:\/\/tjsokolchornice.cz\/wp-content\/gallery\/i-rocnik-chornicky-vandr\/thumbs\/thumbs_dscn3704.jpg\"\n               data-image-id=\"12\"\n               data-title=\"dscn3704\"\n               data-description=\"Op\u00e9ka\u010dka\"\n               data-image-slug=\"dscn3704\"\n               class=\"ngg-fancybox\" rel=\"c2dbf3d344f6dddd2a8a5c4bfc30076e\">\n                <img\n                    title=\"dscn3704\"\n                    alt=\"dscn3704\"\n                    src=\"http:\/\/tjsokolchornice.cz\/wp-content\/gallery\/i-rocnik-chornicky-vandr\/thumbs\/thumbs_dscn3704.jpg\"\n                    width=\"100\"\n                    height=\"75\"\n                    style=\"max-width:100%;\"\n                \/>\n            <\/a>\n        <\/div>\n\t\t\t\t\t\t\t<\/div> \n\t\t\t\n        \n\t\t\t\t<div id=\"ngg-image-10\" class=\"ngg-gallery-thumbnail-box\" >\n\t\t\t\t        <div class=\"ngg-gallery-thumbnail\">\n            <a href=\"http:\/\/tjsokolchornice.cz\/wp-content\/gallery\/i-rocnik-chornicky-vandr\/dscn3684.jpg\"\n               title=\"Pln\u011bn\u00ed \u00fakol\u016f na trase\"\n               data-src=\"http:\/\/tjsokolchornice.cz\/wp-content\/gallery\/i-rocnik-chornicky-vandr\/dscn3684.jpg\"\n               data-thumbnail=\"http:\/\/tjsokolchornice.cz\/wp-content\/gallery\/i-rocnik-chornicky-vandr\/thumbs\/thumbs_dscn3684.jpg\"\n               data-image-id=\"11\"\n               data-title=\"dscn3684\"\n               data-description=\"Pln\u011bn\u00ed \u00fakol\u016f na trase\"\n               data-image-slug=\"dscn3684\"\n               class=\"ngg-fancybox\" rel=\"c2dbf3d344f6dddd2a8a5c4bfc30076e\">\n                <img\n                    title=\"dscn3684\"\n                    alt=\"dscn3684\"\n                    src=\"http:\/\/tjsokolchornice.cz\/wp-content\/gallery\/i-rocnik-chornicky-vandr\/thumbs\/thumbs_dscn3684.jpg\"\n                    width=\"100\"\n                    height=\"75\"\n                    style=\"max-width:100%;\"\n                \/>\n            <\/a>\n        <\/div>\n\t\t\t\t\t\t\t<\/div> \n\t\t\t\n        \n\t\t\t\t<div id=\"ngg-image-11\" class=\"ngg-gallery-thumbnail-box\" >\n\t\t\t\t        <div class=\"ngg-gallery-thumbnail\">\n            <a href=\"http:\/\/tjsokolchornice.cz\/wp-content\/gallery\/i-rocnik-chornicky-vandr\/dscn3732.jpg\"\n               title=\"Zaj\u00edmavosti z cesty\"\n               data-src=\"http:\/\/tjsokolchornice.cz\/wp-content\/gallery\/i-rocnik-chornicky-vandr\/dscn3732.jpg\"\n               data-thumbnail=\"http:\/\/tjsokolchornice.cz\/wp-content\/gallery\/i-rocnik-chornicky-vandr\/thumbs\/thumbs_dscn3732.jpg\"\n               data-image-id=\"13\"\n               data-title=\"dscn3732\"\n               data-description=\"Zaj\u00edmavosti z cesty\"\n               data-image-slug=\"dscn3732\"\n               class=\"ngg-fancybox\" rel=\"c2dbf3d344f6dddd2a8a5c4bfc30076e\">\n                <img\n                    title=\"dscn3732\"\n                    alt=\"dscn3732\"\n                    src=\"http:\/\/tjsokolchornice.cz\/wp-content\/gallery\/i-rocnik-chornicky-vandr\/thumbs\/thumbs_dscn3732.jpg\"\n                    width=\"100\"\n                    height=\"75\"\n                    style=\"max-width:100%;\"\n                \/>\n            <\/a>\n        <\/div>\n\t\t\t\t\t\t\t<\/div> \n\t\t\t\n        \n\t\t\t\t<div id=\"ngg-image-12\" class=\"ngg-gallery-thumbnail-box\" >\n\t\t\t\t        <div class=\"ngg-gallery-thumbnail\">\n            <a href=\"http:\/\/tjsokolchornice.cz\/wp-content\/gallery\/i-rocnik-chornicky-vandr\/dscn3787.jpg\"\n               title=\"Z\u00e1v\u011bre\u010dn\u00e9 vy\u010derp\u00e1n\u00ed\"\n               data-src=\"http:\/\/tjsokolchornice.cz\/wp-content\/gallery\/i-rocnik-chornicky-vandr\/dscn3787.jpg\"\n               data-thumbnail=\"http:\/\/tjsokolchornice.cz\/wp-content\/gallery\/i-rocnik-chornicky-vandr\/thumbs\/thumbs_dscn3787.jpg\"\n               data-image-id=\"9\"\n               data-title=\"Z\u00e1v\u011bre\u010dn\u00e9 vy\u010derp\u00e1n\u00ed\"\n               data-description=\"Z\u00e1v\u011bre\u010dn\u00e9 vy\u010derp\u00e1n\u00ed\"\n               data-image-slug=\"zaverecne-vycerpani\"\n               class=\"ngg-fancybox\" rel=\"c2dbf3d344f6dddd2a8a5c4bfc30076e\">\n                <img\n                    title=\"Z\u00e1v\u011bre\u010dn\u00e9 vy\u010derp\u00e1n\u00ed\"\n                    alt=\"Z\u00e1v\u011bre\u010dn\u00e9 vy\u010derp\u00e1n\u00ed\"\n                    src=\"http:\/\/tjsokolchornice.cz\/wp-content\/gallery\/i-rocnik-chornicky-vandr\/thumbs\/thumbs_dscn3787.jpg\"\n                    width=\"100\"\n                    height=\"75\"\n                    style=\"max-width:100%;\"\n                \/>\n            <\/a>\n        <\/div>\n\t\t\t\t\t\t\t<\/div> \n\t\t\t\n        \n\t\t\n\t\t<!-- Pagination -->\n\t<div class='ngg-clear'><\/div>\t<\/div>\n\n","protected":false},"excerpt":{"rendered":"","protected":false},"author":1,"featured_media":0,"parent":1924,"menu_order":0,"comment_status":"closed","ping_status":"closed","template":"","meta":{"ngg_post_thumbnail":0},"_links":{"self":[{"href":"http:\/\/tjsokolchornice.cz\/index.php?rest_route=\/wp\/v2\/pages\/123"}],"collection":[{"href":"http:\/\/tjsokolchornice.cz\/index.php?rest_route=\/wp\/v2\/pages"}],"about":[{"href":"http:\/\/tjsokolchornice.cz\/index.php?rest_route=\/wp\/v2\/types\/page"}],"author":[{"embeddable":true,"href":"http:\/\/tjsokolchornice.cz\/index.php?rest_route=\/wp\/v2\/users\/1"}],"replies":[{"embeddable":true,"href":"http:\/\/tjsokolchornice.cz\/index.php?rest_route=%2Fwp%2Fv2%2Fcomments&post=123"}],"version-history":[{"count":6,"href":"http:\/\/tjsokolchornice.cz\/index.php?rest_route=\/wp\/v2\/pages\/123\/revisions"}],"predecessor-version":[{"id":197,"href":"http:\/\/tjsokolchornice.cz\/index.php?rest_route=\/wp\/v2\/pages\/123\/revisions\/197"}],"up":[{"embeddable":true,"href":"http:\/\/tjsokolchornice.cz\/index.php?rest_route=\/wp\/v2\/pages\/1924"}],"wp:attachment":[{"href":"http:\/\/tjsokolchornice.cz\/index.php?rest_route=%2Fwp%2Fv2%2Fmedia&parent=123"}],"curies":[{"name":"wp","href":"https:\/\/api.w.org\/{rel}","templated":true}]}}